{"id":373,"date":"2020-05-14T14:34:01","date_gmt":"2020-05-15T00:34:01","guid":{"rendered":"https:\/\/www.hmesthetique.com\/produit\/carte-cadeau\/"},"modified":"2020-05-16T18:19:56","modified_gmt":"2020-05-17T04:19:56","slug":"bon-cadeau","status":"publish","type":"product","link":"https:\/\/www.hmesthetique.com\/?product=bon-cadeau","title":{"rendered":"Bon cadeau"},"content":{"rendered":"<p>Offrez un bon cadeau \u00e0 la personne souhait\u00e9e, c&rsquo;est un cadeau unique et toujours agr\u00e9able \u00e0 recevoir<\/p>\n","protected":false},"excerpt":{"rendered":"<p>Offrez un bon cadeau \u00e0 la personne souhait\u00e9e, c&rsquo;est un cadeau unique et toujours agr\u00e9able \u00e0 recevoir<\/p>\n","protected":false},"featured_media":403,"template":"","meta":[],"product_cat":[16],"product_tag":[],"_links":{"self":[{"href":"https:\/\/www.hmesthetique.com\/index.php?rest_route=\/wp\/v2\/product\/373"}],"collection":[{"href":"https:\/\/www.hmesthetique.com\/index.php?rest_route=\/wp\/v2\/product"}],"about":[{"href":"https:\/\/www.hmesthetique.com\/index.php?rest_route=\/wp\/v2\/types\/product"}],"wp:featuredmedia":[{"embeddable":true,"href":"https:\/\/www.hmesthetique.com\/index.php?rest_route=\/wp\/v2\/media\/403"}],"wp:attachment":[{"href":"https:\/\/www.hmesthetique.com\/index.php?rest_route=%2Fwp%2Fv2%2Fmedia&parent=373"}],"wp:term":[{"taxonomy":"product_cat","embeddable":true,"href":"https:\/\/www.hmesthetique.com\/index.php?rest_route=%2Fwp%2Fv2%2Fproduct_cat&post=373"},{"taxonomy":"product_tag","embeddable":true,"href":"https:\/\/www.hmesthetique.com\/index.php?rest_route=%2Fwp%2Fv2%2Fproduct_tag&post=373"}],"curies":[{"name":"wp","href":"https:\/\/api.w.org\/{rel}","templated":true}]}}