{"id":319,"date":"2019-07-21T21:47:34","date_gmt":"2019-07-22T07:47:34","guid":{"rendered":"https:\/\/www.hmesthetique.com\/?page_id=319"},"modified":"2025-03-08T14:00:46","modified_gmt":"2025-03-09T00:00:46","slug":"la-beaute-des-mains-et-les-pieds","status":"publish","type":"page","link":"https:\/\/www.hmesthetique.com\/?page_id=319","title":{"rendered":"La beaut\u00e9 des mains et des pieds"},"content":{"rendered":"<div class=\"wpb-content-wrapper\"><p>[vc_row full_width=\u00a0\u00bbstretch_row\u00a0\u00bb css=\u00a0\u00bb.vc_custom_1563781752755{margin-top: -30px !important;padding-top: 50px !important;padding-bottom: 50px !important;background-image: url(https:\/\/www.hmesthetique.com\/wp-content\/uploads\/2019\/07\/main-et-pied.jpg?id=322) !important;background-position: center !important;background-repeat: no-repeat !important;background-size: cover !important;}\u00a0\u00bb][vc_column][\/vc_column][\/vc_row][vc_row gap=\u00a0\u00bb30&Prime;][vc_column width=\u00a0\u00bb2\/3&Prime;]<div class=\"pricing-box  cp-right pricing-box-box\"><div class=\"plan-header\"><h2 class=\"title \">Forfait soin des pieds + beaut\u00e9 des pieds<\/h2><div class=\"price\"><span>8 300<\/span><sup class=\"currency\">XPF<\/sup><sup class=\"period\">60 min<\/sup><\/div><hr class=\"hr_color\" \/><\/div><\/div>\n<div class=\"pricing-box  cp-right pricing-box-box\"><div class=\"plan-header\"><h2 class=\"title \">Forfait soin des mains + manucure<\/h2><div class=\"price\"><span>6 900<\/span><sup class=\"currency\">XPF<\/sup><sup class=\"period\">45 min<\/sup><\/div><hr class=\"hr_color\" \/><\/div><\/div>\n<div class=\"pricing-box  cp-right pricing-box-box\"><div class=\"plan-header\"><h2 class=\"title \">Soin des pieds<\/h2><div class=\"price\"><span>4 800<\/span><sup class=\"currency\">XPF<\/sup><sup class=\"period\">20 min<\/sup><\/div><hr class=\"hr_color\" \/><p class=\"subtitle\"><big>Gommage, masque, pose de chaussons frais, modelage des pieds<\/big><\/p><\/div><\/div>\n<div class=\"pricing-box  cp-right pricing-box-box\"><div class=\"plan-header\"><h2 class=\"title \">Soin Anti callosit\u00e9<\/h2><div class=\"price\"><span>5 000<\/span><sup class=\"currency\">XPF<\/sup><sup class=\"period\">45 min<\/sup><\/div><hr class=\"hr_color\" \/><p class=\"subtitle\"><big>Soin pour les talons fendill\u00e9s, att\u00e9nue les crevasses et nourrit les pieds<\/big><\/p><\/div><\/div>\n<div class=\"pricing-box  cp-right pricing-box-box\"><div class=\"plan-header\"><h2 class=\"title \">Soin des mains \u00e0 la paraffine<\/h2><div class=\"price\"><span>4 400<\/span><sup class=\"currency\">XPF<\/sup><sup class=\"period\">30 min<\/sup><\/div><hr class=\"hr_color\" \/><\/div><\/div>\n<div class=\"pricing-box  cp-right pricing-box-box\"><div class=\"plan-header\"><h2 class=\"title \">Beaut\u00e9 des pieds<\/h2><div class=\"price\"><span>3 900<\/span><sup class=\"currency\">XPF<\/sup><sup class=\"period\">45 min<\/sup><\/div><hr class=\"hr_color\" \/><\/div><\/div>\n<div class=\"pricing-box  cp-right pricing-box-box\"><div class=\"plan-header\"><h2 class=\"title \">Soin des mains<\/h2><div class=\"price\"><span>3 800<\/span><sup class=\"currency\">XPF<\/sup><sup class=\"period\">20 min<\/sup><\/div><hr class=\"hr_color\" \/><p class=\"subtitle\"><big>Gommage, masque pour les mains \u00e0 base de gel \u00e0 l'aloe vera, huile d'orange, d'acide ascorbique et biotine. Les mains sont ensuite envelopp\u00e9es dans un film de cellophane. Pose des gants d'aromath\u00e9rapie chauffants compos\u00e9s d'herbes et d'\u00e9pices. Ces moufles renforcent du masque et permet une meilleure p\u00e9n\u00e9tration des mati\u00e8res premi\u00e8res. Modelage des mains.<\/big><\/p><\/div><div class=\"plan-inside\"><span class=\"pi-content\">Il s&rsquo;agit d&rsquo;un soin unique et original associant des composants nourrissants, r\u00e9g\u00e9n\u00e9rants et des gants d&rsquo;aromath\u00e9rapie. Le soin des mains est souvent n\u00e9glig\u00e9 alors qu&rsquo;il est aussi important que le soin du visage. Ce soin contribue \u00e0 nourrir et adoucir les mains. Les moufles anti-stress soulagent le mal de poignets, font du bien si vous avez des mains fatigu\u00e9es et contract\u00e9es.<\/span><\/div><\/div>\n<div class=\"pricing-box  cp-right pricing-box-box\"><div class=\"plan-header\"><h2 class=\"title \">Manucure<\/h2><div class=\"price\"><span>3 500<\/span><sup class=\"currency\">XPF<\/sup><sup class=\"period\">30 min<\/sup><\/div><hr class=\"hr_color\" \/><\/div><\/div>\n<div class=\"pricing-box  cp-right pricing-box-box\"><div class=\"plan-header\"><h2 class=\"title \">Bain de paraffine<\/h2><div class=\"price\"><span>2 300<\/span><sup class=\"currency\">XPF<\/sup><sup class=\"period\">20 min<\/sup><\/div><hr class=\"hr_color\" \/><\/div><\/div>\n[\/vc_column][vc_column width=\u00a0\u00bb1\/3&Prime; css=\u00a0\u00bb.vc_custom_1563780731549{border-left-width: 1px !important;padding-left: 30px !important;border-left-color: #c9c9c9 !important;border-left-style: solid !important;}\u00a0\u00bb]<div class=\"fancy_heading fancy_heading_line\"><div class=\"fh-top\"><\/div><h2 class=\"title\">Embellir ses ongles<\/h2><\/div>\n[vc_row_inner content_placement=\u00a0\u00bbbottom\u00a0\u00bb el_class=\u00a0\u00bbprix-liste\u00a0\u00bb][vc_column_inner el_class=\u00a0\u00bbtitre-service\u00a0\u00bb width=\u00a0\u00bb2\/3&Prime;][vc_column_text]Pose de vernis permanent Soak Off mains et pieds[\/vc_column_text][\/vc_column_inner][vc_column_inner el_class=\u00a0\u00bbprix\u00a0\u00bb width=\u00a0\u00bb1\/3&Prime;][vc_column_text]<\/p>\n<p style=\"text-align: right;\">6 500 XPF<\/p>\n<p>[\/vc_column_text][\/vc_column_inner][\/vc_row_inner][vc_row_inner content_placement=\u00a0\u00bbbottom\u00a0\u00bb el_class=\u00a0\u00bbprix-liste\u00a0\u00bb][vc_column_inner el_class=\u00a0\u00bbtitre-service\u00a0\u00bb width=\u00a0\u00bb2\/3&Prime;][vc_column_text]Pose de vernis permanent Soak Off[\/vc_column_text][\/vc_column_inner][vc_column_inner el_class=\u00a0\u00bbprix\u00a0\u00bb width=\u00a0\u00bb1\/3&Prime;][vc_column_text]<\/p>\n<p style=\"text-align: right;\">3 500 XPF<\/p>\n<p>[\/vc_column_text][\/vc_column_inner][\/vc_row_inner][vc_row_inner content_placement=\u00a0\u00bbbottom\u00a0\u00bb el_class=\u00a0\u00bbprix-liste\u00a0\u00bb][vc_column_inner el_class=\u00a0\u00bbtitre-service\u00a0\u00bb width=\u00a0\u00bb2\/3&Prime;][vc_column_text]Pose de vernis + limage[\/vc_column_text][\/vc_column_inner][vc_column_inner el_class=\u00a0\u00bbprix\u00a0\u00bb width=\u00a0\u00bb1\/3&Prime;][vc_column_text]<\/p>\n<p style=\"text-align: right;\">2 500 XPF<\/p>\n<p>[\/vc_column_text][\/vc_column_inner][\/vc_row_inner][vc_single_image image=\u00a0\u00bb404&Prime; img_size=\u00a0\u00bblarge\u00a0\u00bb onclick=\u00a0\u00bbcustom_link\u00a0\u00bb link=\u00a0\u00bbhttps:\/\/www.hmesthetique.com\/?product=bon-cadeau\u00a0\u00bb css=\u00a0\u00bb.vc_custom_1671480533813{margin-top: 50px !important;}\u00a0\u00bb][\/vc_column][\/vc_row]<\/p>\n<\/div>","protected":false},"excerpt":{"rendered":"<p>[vc_row full_width=\u00a0\u00bbstretch_row\u00a0\u00bb css=\u00a0\u00bb.vc_custom_1563781752755{margin-top: -30px !important;padding-top: 50px !important;padding-bottom: 50px !important;background-image: url(https:\/\/www.hmesthetique.com\/wp-content\/uploads\/2019\/07\/main-et-pied.jpg?id=322) !important;background-position: center !important;background-repeat: no-repeat !important;background-size: cover !important;}\u00a0\u00bb][vc_column][\/vc_column][\/vc_row][vc_row gap=\u00a0\u00bb30&Prime;][vc_column width=\u00a0\u00bb2\/3&Prime;][\/vc_column][vc_column width=\u00a0\u00bb1\/3&Prime; css=\u00a0\u00bb.vc_custom_1563780731549{border-left-width: 1px !important;padding-left: 30px !important;border-left-color: #c9c9c9<span class=\"excerpt-hellip\"> [\u2026]<\/span><\/p>\n","protected":false},"author":1,"featured_media":0,"parent":0,"menu_order":0,"comment_status":"closed","ping_status":"closed","template":"","meta":{"footnotes":""},"_links":{"self":[{"href":"https:\/\/www.hmesthetique.com\/index.php?rest_route=\/wp\/v2\/pages\/319"}],"collection":[{"href":"https:\/\/www.hmesthetique.com\/index.php?rest_route=\/wp\/v2\/pages"}],"about":[{"href":"https:\/\/www.hmesthetique.com\/index.php?rest_route=\/wp\/v2\/types\/page"}],"author":[{"embeddable":true,"href":"https:\/\/www.hmesthetique.com\/index.php?rest_route=\/wp\/v2\/users\/1"}],"replies":[{"embeddable":true,"href":"https:\/\/www.hmesthetique.com\/index.php?rest_route=%2Fwp%2Fv2%2Fcomments&post=319"}],"version-history":[{"count":21,"href":"https:\/\/www.hmesthetique.com\/index.php?rest_route=\/wp\/v2\/pages\/319\/revisions"}],"predecessor-version":[{"id":650,"href":"https:\/\/www.hmesthetique.com\/index.php?rest_route=\/wp\/v2\/pages\/319\/revisions\/650"}],"wp:attachment":[{"href":"https:\/\/www.hmesthetique.com\/index.php?rest_route=%2Fwp%2Fv2%2Fmedia&parent=319"}],"curies":[{"name":"wp","href":"https:\/\/api.w.org\/{rel}","templated":true}]}}