{"id":292,"date":"2019-07-21T20:46:08","date_gmt":"2019-07-22T06:46:08","guid":{"rendered":"https:\/\/www.hmesthetique.com\/?page_id=292"},"modified":"2024-02-09T15:19:30","modified_gmt":"2024-02-10T01:19:30","slug":"les-soins-du-corps","status":"publish","type":"page","link":"https:\/\/www.hmesthetique.com\/?page_id=292","title":{"rendered":"Les soins du corps"},"content":{"rendered":"<div class=\"wpb-content-wrapper\"><p>[vc_row full_width=\u00a0\u00bbstretch_row\u00a0\u00bb css=\u00a0\u00bb.vc_custom_1563778177405{margin-top: -30px !important;padding-top: 50px !important;padding-bottom: 50px !important;background-image: url(https:\/\/www.hmesthetique.com\/wp-content\/uploads\/2019\/07\/doin-du-corps.jpg?id=295) !important;background-position: center !important;background-repeat: no-repeat !important;background-size: cover !important;}\u00a0\u00bb][vc_column][\/vc_column][\/vc_row][vc_row gap=\u00a0\u00bb30&Prime;][vc_column width=\u00a0\u00bb2\/3&Prime;]<div class=\"pricing-box  cp-right pricing-box-box\"><div class=\"plan-header\"><h2 class=\"title \">Le soin du dos<\/h2><div class=\"price\"><span>8 300<\/span><sup class=\"currency\">XPF<\/sup><sup class=\"period\">60 min<\/sup><\/div><hr class=\"hr_color\" \/><p class=\"subtitle\"><big>Gommage, extraction des points noirs, modelage relaxant du dos, masque, cr\u00e8me de soin.<\/big><\/p><\/div><div class=\"plan-inside\"><span class=\"pi-content\">Soin purifiant du dos.<\/span><\/div><\/div>\n<div class=\"pricing-box  cp-right pricing-box-box\"><div class=\"plan-header\"><h2 class=\"title \">L'enveloppement Corps Perfection Peau Claire<\/h2><div class=\"price\"><span>6 200<\/span><sup class=\"currency\">XPF<\/sup><sup class=\"period\">30 min<\/sup><\/div><hr class=\"hr_color\" \/><\/div><div class=\"plan-inside\"><span class=\"pi-content\">Ce soin offre une peau claire uniforme et resplendissante de jeunsse en agissant sur la formation des t\u00e2ches brunes.<\/p>\n<p>Il procure une sensation bienfaisante et rafra\u00eechissante. <\/span><\/div><\/div>\n<div class=\"pricing-box  cp-right pricing-box-box\"><div class=\"plan-header\"><h2 class=\"title \">L'enveloppement Boue de Mer Morte Al Nadara<\/h2><div class=\"price\"><span>6 200<\/span><sup class=\"currency\">XPF<\/sup><sup class=\"period\">30 min<\/sup><\/div><hr class=\"hr_color\" \/><\/div><div class=\"plan-inside\"><span class=\"pi-content\">L&rsquo;enveloppement Corps Al Nadara lisse la peau, absorbe et \u00e9limine les toxines, affine le grain de peau. La boue de mer se compose de s\u00e9diments du fond marin d&rsquo;origine organique et v\u00e9g\u00e9tale.<\/p>\n<p>Elle est riche en s\u00e9diments, min\u00e9raux et Oligo\u00e9l\u00e9ments.<\/span><\/div><\/div>\n<div class=\"pricing-box  cp-right pricing-box-box\"><div class=\"plan-header\"><h2 class=\"title \">Le gommage corporel<\/h2><div class=\"price\"><span>6 200<\/span><sup class=\"currency\">XPF<\/sup><sup class=\"period\">30 min<\/sup><\/div><hr class=\"hr_color\" \/><p class=\"subtitle\"><big>Exfoliation du corps, lait corporel.<\/big><\/p><\/div><div class=\"plan-inside\"><span class=\"pi-content\">Tout type de peaux m\u00eame les plus sensibles. Soin pour purifier et adoucir la peau du corps gr\u00e2ce \u00e0 l&rsquo;exfoliation<\/span><\/div><\/div>\n<div class=\"pricing-box  cp-right pricing-box-box\"><div class=\"plan-header\"><h2 class=\"title \">L'enveloppement corps d\u00e9toxifiant<\/h2><div class=\"price\"><span>6 200<\/span><sup class=\"currency\">XPF<\/sup><sup class=\"period\">30 min<\/sup><\/div><hr class=\"hr_color\" \/><p class=\"subtitle\"><big>Sur les zones \u00e0 traiter : ventre, cuisse, hanches et fesses.<\/big><\/p><\/div><div class=\"plan-inside\"><span class=\"pi-content\">L &lsquo; Enveloppement Perfection Corps D\u00e9toxifiant soutient le processus d\u00b4\u00e9limination des toxines surtout pendant les p\u00e9riodes o\u00f9 notre corps est le plus expos\u00e9 \u00e0 les assimiler facilement soit par la respiration, le syst\u00e8me digestif ou soit par la peau. Le corps souffre d\u00b4un exc\u00e9dent de d\u00e9chets et de toxines qui doivent \u00eatre \u00e9limin\u00e9s et neutralis\u00e9s rapidement. On parle alors d\u00b4une v\u00e9ritable cure de \u00ab d\u00e9toxification \u00bb.<\/p>\n<p>L&rsquo; Enveloppement Perfection Corps D\u00e9toxifiant stimule la circulation sanguine, active les fonctions de l\u00b4organisme pour un effet durable. Le tissu cutan\u00e9 est tonifi\u00e9, les toxines sont absorb\u00e9es et \u00e9vacu\u00e9es, la peau devient nettement plus douce et plus \u00e9lastique.<\/span><\/div><\/div>\n<div class=\"pricing-box  cp-right pricing-box-box\"><div class=\"plan-header\"><h2 class=\"title \">L'enveloppement corps Perfection Eclat Jeunesse<\/h2><div class=\"price\"><span>6 200<\/span><sup class=\"currency\">XPF<\/sup><sup class=\"period\">30 min<\/sup><\/div><hr class=\"hr_color\" \/><p class=\"subtitle\"><big>Sur l'ensemble du corps<\/big><\/p><\/div><div class=\"plan-inside\"><span class=\"pi-content\"> L &lsquo;Enveloppement Perfection Corps \u00c9clat Jeunesse contient les substances pr\u00e9cieuses du raisin servant \u00e0 la fabrication du champagne. Elles rendent la peau sensiblement plus douce et fait para\u00eetre celle-ci jeune et resplendissante de beaut\u00e9. De plus son ar\u00f4me exquis de cacao procure un effet bienfaisant. L\u00b4extrait de cacao lib\u00e8re lors d\u00b4un enveloppement du corps complet ses propri\u00e9t\u00e9s antioxydantes consid\u00e9rables et prot\u00e8ge les cellules \u00e9pidermiques du vieillissement pr\u00e9coce.<\/p>\n<p>L &lsquo;Enveloppement Perfection Corps \u00c9clat Jeunesse soutient le renouvellement \u00e9pidermique, r\u00e9gularise le taux d\u00b4hydratation et donne \u00e0 la peau son aspect lisse et jeune.<\/span><\/div><\/div>\n<div class=\"pricing-box  cp-right pricing-box-box\"><div class=\"plan-header\"><h2 class=\"title \">L'enveloppement Perfection corps Minceur<\/h2><div class=\"price\"><span>6 200<\/span><sup class=\"currency\">XPF<\/sup><sup class=\"period\">30 min<\/sup><\/div><hr class=\"hr_color\" \/><p class=\"subtitle\"><big>Sur les zones \u00e0 traiter : ventre, cuisse, hanches et fesses.<\/big><\/p><\/div><div class=\"plan-inside\"><span class=\"pi-content\">L &lsquo;enveloppement Perfection Corps Minceur raffermit la peau tout particuli\u00e8rement apr\u00e8s une chute de poids comme par exemple apr\u00e8s un r\u00e9gime alimentaire ou apr\u00e8s une grossesse et un allaitement.<\/p>\n<p>La silhouette f\u00e9minine retrouve rapidement sa tonicit\u00e9 naturelle et des contours merveilleusement raffermis.<\/span><\/div><\/div>\n<div class=\"pricing-box  cp-right pricing-box-box\"><div class=\"plan-header\"><h2 class=\"title \">L'enveloppement Perfection corps Vitalit\u00e9<\/h2><div class=\"price\"><span>6 200<\/span><sup class=\"currency\">XPF<\/sup><sup class=\"period\">30 min<\/sup><\/div><hr class=\"hr_color\" \/><p class=\"subtitle\"><big>Sur l'ensemble du corps<\/big><\/p><\/div><div class=\"plan-inside\"><span class=\"pi-content\">L&rsquo;enveloppement Perfection Corps Vitalit\u00e9 est un enveloppement corporel avec les composants pr\u00e9cieux de la tourbe des hauts mar\u00e9cages.<\/p>\n<p>A chaque application vous sentirez votre peau revitalis\u00e9e ce qui r\u00e9sulte d\u00b4une am\u00e9lioration du flux sanguin capillaire.<\/p>\n<p>La roche finement broy\u00e9e de la rhyolite favorise une structure de peau lisse et resserre m\u00eame visiblement les pores.<\/span><\/div><\/div>\n<div class=\"pricing-box  cp-right pricing-box-box\"><div class=\"plan-header\"><h2 class=\"title \">L'enveloppement Perfection Corps Brittany<\/h2><div class=\"price\"><span>6 200<\/span><sup class=\"currency\">XPF<\/sup><sup class=\"period\">30 min<\/sup><\/div><hr class=\"hr_color\" \/><\/div><div class=\"plan-inside\"><span class=\"pi-content\">L&rsquo;enveloppement Corps Brittany lisse la peau touch\u00e9e par la cellulite. C&rsquo;est le soin compl\u00e9mentaire lors d&rsquo;une perte de poids car il red\u00e9finit et raffermit les contour du corps.<\/p>\n<p>C&rsquo;est un enveloppement \u00e0 base d&rsquo;algues brunes et rouges ( laminaria digitata et fucus vesicolosus), riches en min\u00e9raux, acides amin\u00e9s, vitamines, glucides et polyph\u00e9nols.<\/span><\/div><\/div>\n<div class=\"pricing-box  cp-right pricing-box-box\"><div class=\"plan-header\"><h2 class=\"title \">Le massage Palper Rouler anticellulite<\/h2><div class=\"price\"><span>5 000<\/span><sup class=\"currency\">XPF<\/sup><sup class=\"period\">30 min<\/sup><\/div><hr class=\"hr_color\" \/><\/div><\/div>\n<div class=\"pricing-box  cp-right pricing-box-box\"><div class=\"plan-header\"><h2 class=\"title \">L'enveloppement Perfection Corps Cellulite<\/h2><div class=\"price\"><span>5 000<\/span><sup class=\"currency\">XPF<\/sup><sup class=\"period\">30 min<\/sup><\/div><hr class=\"hr_color\" \/><p class=\"subtitle\"><big>Sur les zones \u00e0 traiter : ventre, cuisse, hanches et fesses.<\/big><\/p><\/div><div class=\"plan-inside\"><span class=\"pi-content\">L&rsquo; Enveloppement Perfection Corps Cellulite lisse et raffermit la peau atteinte de cellulite.<\/p>\n<p>L&rsquo;enveloppement corporel stimulant contient le complexe innovateur de substances v\u00e9g\u00e9tales anticellulite \u00e0 base de micro-algues, pavot jaune des sables et caf\u00e9ine. Soin compl\u00e9mentaire du produit Formule Sp\u00e9ciale Cellulite stimule le m\u00e9tabolisme et combat de fa\u00e7on cibl\u00e9e la cellulite.<\/span><\/div><\/div>\n<div class=\"pricing-box  cp-right pricing-box-box\"><div class=\"plan-header\"><h2 class=\"title \">Le soin jambes lourdes Cryog\u00e9nic Artic<\/h2><div class=\"price\"><span>9 300<\/span><sup class=\"currency\">XPF<\/sup><sup class=\"period\">60 min<\/sup><\/div><hr class=\"hr_color\" \/><\/div><div class=\"plan-inside\"><span class=\"pi-content\">Le maque Crog\u00e9nic Artic est un masque peel-off multifonctionnel \u00e0 base d&rsquo;algues. Il remod\u00e8le et sublime la poitrine et le d\u00e9collet\u00e9, le tissu est merveilleusement raffermi et tendu.<\/p>\n<p>Ce soin stimule la microcirculation et favorise la p\u00e9n\u00e9tration des actifs, rafra\u00eechit et procure une sensation de fra\u00eecheur.<\/span><\/div><\/div>\n[\/vc_column][vc_column width=\u00a0\u00bb1\/3&Prime; css=\u00a0\u00bb.vc_custom_1563780731549{border-left-width: 1px !important;padding-left: 30px !important;border-left-color: #c9c9c9 !important;border-left-style: solid !important;}\u00a0\u00bb][vc_single_image image=\u00a0\u00bb404&Prime; img_size=\u00a0\u00bblarge\u00a0\u00bb alignment=\u00a0\u00bbcenter\u00a0\u00bb onclick=\u00a0\u00bbcustom_link\u00a0\u00bb link=\u00a0\u00bbhttps:\/\/www.hmesthetique.com\/?product=bon-cadeau\u00a0\u00bb]<div class=\"fancy_heading fancy_heading_line\"><div class=\"fh-top\"><\/div><h2 class=\"title\">Les programmes soins corporels<\/h2><\/div>\n<div class=\"pricing-box  cp-right pricing-box-box\"><div class=\"plan-header\"><h2 class=\"title \">La formule sportive \u00ab Fit for Sport \u00bb<\/h2><div class=\"price\"><span>12 400<\/span><sup class=\"currency\">XPF<\/sup><sup class=\"period\">1 h 30<\/sup><\/div><hr class=\"hr_color\" \/><p class=\"subtitle\"><big>Gommage corps + enveloppement d\u00e9toxifiant+ lotion corporel<\/big><\/p><\/div><div class=\"plan-inside\"><span class=\"pi-content\">Combattre les courbatures<\/span><\/div><\/div>\n<div class=\"pricing-box  cp-right pricing-box-box\"><div class=\"plan-header\"><h2 class=\"title \">La formule vitalit\u00e9<\/h2><div class=\"price\"><span>12 400<\/span><sup class=\"currency\">XPF<\/sup><sup class=\"period\">1 h 30<\/sup><\/div><hr class=\"hr_color\" \/><p class=\"subtitle\"><big>Gommage corps + Enveloppement Vitalit\u00e9+ lotion corporelle<\/big><\/p><\/div><\/div>\n<div class=\"pricing-box  cp-right pricing-box-box\"><div class=\"plan-header\"><h2 class=\"title \">La formule anti-\u00e2ge<\/h2><div class=\"price\"><span>12 400<\/span><sup class=\"currency\">XPF<\/sup><sup class=\"period\">1 h 30<\/sup><\/div><hr class=\"hr_color\" \/><p class=\"subtitle\"><big>Gommage corps + Modelage tonifiant + enveloppement Eclat-jeunesse + lotion Emulsion corporelle<\/big><\/p><\/div><\/div>\n<div class=\"pricing-box  cp-right pricing-box-box\"><div class=\"plan-header\"><h2 class=\"title \">La formule fermet\u00e9 \u00ab slim&amp;firm \u00bb<\/h2><div class=\"price\"><span>12 400<\/span><sup class=\"currency\">XPF<\/sup><sup class=\"period\">1 h 30<\/sup><\/div><hr class=\"hr_color\" \/><p class=\"subtitle\"><big>Gommage corps + Enveloppement minceur+ lotion Emulsion corporelle<\/big><\/p><\/div><div class=\"plan-inside\"><span class=\"pi-content\">Raffermir et remodeler<\/span><\/div><\/div>\n<div class=\"pricing-box  cp-right pricing-box-box\"><div class=\"plan-header\"><h2 class=\"title \">La formule minceur anticellulite<\/h2><div class=\"price\"><span>11 000<\/span><sup class=\"currency\">XPF<\/sup><sup class=\"period\">1 h 30<\/sup><\/div><hr class=\"hr_color\" \/><p class=\"subtitle\"><big>Gommage des zones \u00e0 traiter + Massage anticellulite + enveloppement anticellulite+ lotion Formule sp\u00e9ciale cellulite<\/big><\/p><\/div><div class=\"plan-inside\"><span class=\"pi-content\">Active la lypolise<\/span><\/div><\/div>\n<div class=\"pricing-box  cp-right pricing-box-box\"><div class=\"plan-header\"><h2 class=\"title \">La formule minceur anticellulite<\/h2><div class=\"price\"><span>11 000<\/span><sup class=\"currency\">XPF<\/sup><sup class=\"period\">1 h 30<\/sup><\/div><hr class=\"hr_color\" \/><p class=\"subtitle\"><big>Gommage des zones \u00e0 traiter + Massage anticellulite + enveloppement aux algues Brittany+ lotion Emulsion corporelle<\/big><\/p><\/div><div class=\"plan-inside\"><span class=\"pi-content\">Soulage les congestions<\/span><\/div><\/div>\n<div class=\"pricing-box  cp-right pricing-box-box\"><div class=\"plan-header\"><h2 class=\"title \">La formule minceur anticellulite<\/h2><div class=\"price\"><span>11 000<\/span><sup class=\"currency\">XPF<\/sup><sup class=\"period\">1 h 30<\/sup><\/div><hr class=\"hr_color\" \/><p class=\"subtitle\"><big>Gommage des zones \u00e0 traiter + Massage anticellulite + enveloppement d\u00e9toxifiant+ lotion Emulsion corporelle<\/big><\/p><\/div><div class=\"plan-inside\"><span class=\"pi-content\">D\u00e9toxification intensive<\/span><\/div><\/div>\n<div class=\"pricing-box  cp-right pricing-box-box\"><div class=\"plan-header\"><h2 class=\"title \">La formule sublimant buste<\/h2><div class=\"price\"><span>8 000<\/span><sup class=\"currency\">XPF<\/sup><sup class=\"period\">30 \u00e0 45 min<\/sup><\/div><hr class=\"hr_color\" \/><p class=\"subtitle\"><big>Gommage corps + masque cryog\u00e9nic \u00ab Artic \u00bb+ lotion Formule Fermet\u00e9 buste<\/big><\/p><\/div><div class=\"plan-inside\"><span class=\"pi-content\">Lifter pour plus de volume<\/span><\/div><\/div>\n[\/vc_column][\/vc_row]<\/p>\n<\/div>","protected":false},"excerpt":{"rendered":"<p>[vc_row full_width=\u00a0\u00bbstretch_row\u00a0\u00bb css=\u00a0\u00bb.vc_custom_1563778177405{margin-top: -30px !important;padding-top: 50px !important;padding-bottom: 50px !important;background-image: url(https:\/\/www.hmesthetique.com\/wp-content\/uploads\/2019\/07\/doin-du-corps.jpg?id=295) !important;background-position: center !important;background-repeat: no-repeat !important;background-size: cover !important;}\u00a0\u00bb][vc_column][\/vc_column][\/vc_row][vc_row gap=\u00a0\u00bb30&Prime;][vc_column width=\u00a0\u00bb2\/3&Prime;][\/vc_column][vc_column width=\u00a0\u00bb1\/3&Prime; css=\u00a0\u00bb.vc_custom_1563780731549{border-left-width: 1px !important;padding-left: 30px !important;border-left-color: #c9c9c9<span class=\"excerpt-hellip\"> [\u2026]<\/span><\/p>\n","protected":false},"author":1,"featured_media":0,"parent":0,"menu_order":0,"comment_status":"closed","ping_status":"closed","template":"","meta":{"footnotes":""},"_links":{"self":[{"href":"https:\/\/www.hmesthetique.com\/index.php?rest_route=\/wp\/v2\/pages\/292"}],"collection":[{"href":"https:\/\/www.hmesthetique.com\/index.php?rest_route=\/wp\/v2\/pages"}],"about":[{"href":"https:\/\/www.hmesthetique.com\/index.php?rest_route=\/wp\/v2\/types\/page"}],"author":[{"embeddable":true,"href":"https:\/\/www.hmesthetique.com\/index.php?rest_route=\/wp\/v2\/users\/1"}],"replies":[{"embeddable":true,"href":"https:\/\/www.hmesthetique.com\/index.php?rest_route=%2Fwp%2Fv2%2Fcomments&post=292"}],"version-history":[{"count":27,"href":"https:\/\/www.hmesthetique.com\/index.php?rest_route=\/wp\/v2\/pages\/292\/revisions"}],"predecessor-version":[{"id":614,"href":"https:\/\/www.hmesthetique.com\/index.php?rest_route=\/wp\/v2\/pages\/292\/revisions\/614"}],"wp:attachment":[{"href":"https:\/\/www.hmesthetique.com\/index.php?rest_route=%2Fwp%2Fv2%2Fmedia&parent=292"}],"curies":[{"name":"wp","href":"https:\/\/api.w.org\/{rel}","templated":true}]}}