{"id":29,"date":"2019-07-17T17:17:27","date_gmt":"2019-07-18T03:17:27","guid":{"rendered":"https:\/\/www.hmesthetique.com\/?page_id=29"},"modified":"2024-11-27T09:17:05","modified_gmt":"2024-11-27T19:17:05","slug":"hong-my-esthetique","status":"publish","type":"page","link":"https:\/\/www.hmesthetique.com\/?page_id=29","title":{"rendered":"Hong My Esth\u00e9tique"},"content":{"rendered":"<div class=\"wpb-content-wrapper\"><p>[vc_row css=\u00a0\u00bb.vc_custom_1563433780205{margin-top: 40px !important;}\u00a0\u00bb][vc_column width=\u00a0\u00bb1\/2&Prime;][vc_single_image image=\u00a0\u00bb37&Prime; img_size=\u00a0\u00bblarge\u00a0\u00bb alignment=\u00a0\u00bbcenter\u00a0\u00bb onclick=\u00a0\u00bblink_image\u00a0\u00bb css_animation=\u00a0\u00bbfadeIn\u00a0\u00bb][\/vc_column][vc_column width=\u00a0\u00bb1\/2&Prime;][vc_column_text]<\/p>\n<div>Hong My est une praticienne de beaut\u00e9 qui vous garantit non seulement des soins de qualit\u00e9 mais \u00e9galement des conseils personnalis\u00e9s.<\/div>\n<p>Elle rend les femmes radieuses depuis plus de 20 ans. Comment ? En prodiguant des soins efficaces, mais aussi en expliquant pourquoi tel produit de beaut\u00e9 est indispensable pour pr\u00e9server votre jeunesse et contribuer \u00e0 votre bien-\u00eatre.<\/p>\n<p>Sa passion pour les sciences et son exp\u00e9rience en parapharmacie la pousse \u00e0 s&rsquo;informer sur les derni\u00e8res d\u00e9couvertes dans le domaine du vieillissement cutan\u00e9, et \u00e0 suivre des formations professionnelles afin de vous garantir des soins performants.[\/vc_column_text][\/vc_column][\/vc_row][vc_row][vc_column width=\u00a0\u00bb1\/4&Prime;][vc_single_image image=\u00a0\u00bb84&Prime; img_size=\u00a0\u00bblarge\u00a0\u00bb alignment=\u00a0\u00bbcenter\u00a0\u00bb onclick=\u00a0\u00bblink_image\u00a0\u00bb css_animation=\u00a0\u00bbappear\u00a0\u00bb][\/vc_column][vc_column width=\u00a0\u00bb1\/4&Prime;][vc_single_image image=\u00a0\u00bb82&Prime; img_size=\u00a0\u00bblarge\u00a0\u00bb alignment=\u00a0\u00bbcenter\u00a0\u00bb onclick=\u00a0\u00bblink_image\u00a0\u00bb css_animation=\u00a0\u00bbappear\u00a0\u00bb][\/vc_column][vc_column width=\u00a0\u00bb1\/4&Prime;][vc_single_image image=\u00a0\u00bb83&Prime; img_size=\u00a0\u00bblarge\u00a0\u00bb alignment=\u00a0\u00bbcenter\u00a0\u00bb onclick=\u00a0\u00bblink_image\u00a0\u00bb css_animation=\u00a0\u00bbappear\u00a0\u00bb][\/vc_column][vc_column width=\u00a0\u00bb1\/4&Prime;][vc_single_image image=\u00a0\u00bb81&Prime; img_size=\u00a0\u00bblarge\u00a0\u00bb alignment=\u00a0\u00bbcenter\u00a0\u00bb onclick=\u00a0\u00bblink_image\u00a0\u00bb css_animation=\u00a0\u00bbappear\u00a0\u00bb][\/vc_column][\/vc_row][vc_row full_width=\u00a0\u00bbstretch_row_content_no_spaces\u00a0\u00bb css=\u00a0\u00bb.vc_custom_1563495158872{margin-top: 40px !important;margin-bottom: -38px !important;padding-bottom: 0px !important;}\u00a0\u00bb][vc_column css=\u00a0\u00bb.vc_custom_1563434696079{margin-top: 0px !important;margin-bottom: 0px !important;padding-top: 0px !important;padding-bottom: 0px !important;}\u00a0\u00bb][vc_gmaps link=\u00a0\u00bb#E-8_JTNDaWZyYW1lJTIwc3JjJTNEJTIyaHR0cHMlM0ElMkYlMkZ3d3cuZ29vZ2xlLmNvbSUyRm1hcHMlMkZlbWJlZCUzRnBiJTNEJTIxMW0xOCUyMTFtMTIlMjExbTMlMjExZDUzODMuMDUxNDc5NzQ5NDQ3JTIxMmQtMTQ5LjQ4NjQ2MjU2MDgyNTQ2JTIxM2QtMTcuNzY0OTQ0MDUwOTk0MjEzJTIxMm0zJTIxMWYwJTIxMmYwJTIxM2YwJTIxM20yJTIxMWkxMDI0JTIxMmk3NjglMjE0ZjEzLjElMjEzbTMlMjExbTIlMjExczB4MCUyNTNBMHhmMmVmMTc4OGQ5NjY2ZGM5JTIxMnNIb25nLU15JTJCRXN0aCUyNUMzJTI1QTl0aXF1ZSUyQmV0JTJCU3BhJTIxNWUwJTIxM20yJTIxMXNmciUyMTJzJTIxNHYxNTYzNDMzNzQ2MzkzJTIxNW0yJTIxMXNmciUyMTJzJTIyJTIwd2lkdGglM0QlMjI2MDAlMjIlMjBoZWlnaHQlM0QlMjI0NTAlMjIlMjBmcmFtZWJvcmRlciUzRCUyMjAlMjIlMjBzdHlsZSUzRCUyMmJvcmRlciUzQTAlMjIlMjBhbGxvd2Z1bGxzY3JlZW4lM0UlM0MlMkZpZnJhbWUlM0U=\u00a0\u00bb css=\u00a0\u00bb.vc_custom_1563494533976{margin-top: 0px !important;margin-bottom: 0px !important;padding-top: 0px !important;padding-bottom: 0px !important;}\u00a0\u00bb][\/vc_column][\/vc_row][vc_row full_width=\u00a0\u00bbstretch_row\u00a0\u00bb gap=\u00a0\u00bb35&Prime; equal_height=\u00a0\u00bbyes\u00a0\u00bb css=\u00a0\u00bb.vc_custom_1563434706785{margin-top: 0px !important;padding-top: 0px !important;background-color: #e1f2f4 !important;}\u00a0\u00bb][vc_column width=\u00a0\u00bb1\/2&Prime;]<div class=\"fancy_heading fancy_heading_line\"><div class=\"fh-top\"><\/div><h2 class=\"title\">Notre philosophie<\/h2><\/div>\n[vc_column_text]<\/p>\n<blockquote><p>Le r\u00f4le de l&rsquo;esth\u00e9ticienne est de pr\u00e9server votre film hydrolipidique de surface<\/p><\/blockquote>\n<p>En effet, lorsque ce film qui prot\u00e8ge notre peau contre les agressions ext\u00e9rieures est alt\u00e9r\u00e9, la peau vieillit&#8230;<\/p>\n<p>Le secret de la jeunesse : l&rsquo;alliance de la science et de la beaut\u00e9. Une cr\u00e8me n&rsquo;est-elle pas un concentr\u00e9 de science dans un pot ? C&rsquo;est la chimie des substances actives au service de la beaut\u00e9.<\/p>\n<p>Confiez- nous votre peau en toute confiance et vous serez ravie du r\u00e9sultat.[\/vc_column_text][\/vc_column][vc_column width=\u00a0\u00bb1\/2&Prime;]<div class=\"fancy_heading fancy_heading_line\"><div class=\"fh-top\"><\/div><h2 class=\"title\">Le choix de la qualit\u00e9<\/h2><\/div>\n[vc_column_text]Depuis, 2011, toujours en accord avec ses principes de r\u00e9sultat et d&rsquo;exigence, Hong My choisit la marque Janssen Cosmetics.<\/p>\n<p>Elle devient en 2013, la partenaire exclusive de la marque de renomm\u00e9e internationale dont la maison m\u00e8re est situ\u00e9e en Allemagne.[\/vc_column_text][\/vc_column][\/vc_row][vc_row][vc_column width=\u00a0\u00bb1\/6&Prime;][\/vc_column][vc_column width=\u00a0\u00bb2\/3&Prime;]<div class=\"fancy_heading fancy_heading_line\"><div class=\"fh-top\"><\/div><h2 class=\"title\">Historique de l'entreprise<\/h2><\/div>\n[vc_column_text]<\/p>\n<p style=\"text-align: center;\">HM Esth\u00e9tique existe depuis 1999. Hong My a eu l&rsquo;occasion de travailler avec plusieurs grandes marques d&rsquo;institut de beaut\u00e9 tels que :<\/p>\n<p style=\"text-align: center;\">Oligodermie<br \/>\nJean d&rsquo;Estr\u00e9es<br \/>\nMaria Galland<br \/>\nGatineau et Thalgo<br \/>\nLaboratoire Emeraude<br \/>\nJanssen Cosmetics<br \/>\nJanssen Cosmetics en 2011.<\/p>\n<p>[\/vc_column_text][\/vc_column][vc_column width=\u00a0\u00bb1\/6&Prime;][\/vc_column][\/vc_row]<\/p>\n<\/div>","protected":false},"excerpt":{"rendered":"<p>[vc_row css=\u00a0\u00bb.vc_custom_1563433780205{margin-top: 40px !important;}\u00a0\u00bb][vc_column width=\u00a0\u00bb1\/2&Prime;][vc_single_image image=\u00a0\u00bb37&Prime; img_size=\u00a0\u00bblarge\u00a0\u00bb alignment=\u00a0\u00bbcenter\u00a0\u00bb onclick=\u00a0\u00bblink_image\u00a0\u00bb css_animation=\u00a0\u00bbfadeIn\u00a0\u00bb][\/vc_column][vc_column width=\u00a0\u00bb1\/2&Prime;][vc_column_text] Hong My est une praticienne de beaut\u00e9 qui vous garantit non seulement des soins de<span class=\"excerpt-hellip\"> [\u2026]<\/span><\/p>\n","protected":false},"author":1,"featured_media":0,"parent":0,"menu_order":0,"comment_status":"closed","ping_status":"closed","template":"","meta":{"footnotes":""},"_links":{"self":[{"href":"https:\/\/www.hmesthetique.com\/index.php?rest_route=\/wp\/v2\/pages\/29"}],"collection":[{"href":"https:\/\/www.hmesthetique.com\/index.php?rest_route=\/wp\/v2\/pages"}],"about":[{"href":"https:\/\/www.hmesthetique.com\/index.php?rest_route=\/wp\/v2\/types\/page"}],"author":[{"embeddable":true,"href":"https:\/\/www.hmesthetique.com\/index.php?rest_route=\/wp\/v2\/users\/1"}],"replies":[{"embeddable":true,"href":"https:\/\/www.hmesthetique.com\/index.php?rest_route=%2Fwp%2Fv2%2Fcomments&post=29"}],"version-history":[{"count":41,"href":"https:\/\/www.hmesthetique.com\/index.php?rest_route=\/wp\/v2\/pages\/29\/revisions"}],"predecessor-version":[{"id":629,"href":"https:\/\/www.hmesthetique.com\/index.php?rest_route=\/wp\/v2\/pages\/29\/revisions\/629"}],"wp:attachment":[{"href":"https:\/\/www.hmesthetique.com\/index.php?rest_route=%2Fwp%2Fv2%2Fmedia&parent=29"}],"curies":[{"name":"wp","href":"https:\/\/api.w.org\/{rel}","templated":true}]}}