{"id":284,"date":"2019-07-21T20:29:56","date_gmt":"2019-07-22T06:29:56","guid":{"rendered":"https:\/\/www.hmesthetique.com\/?page_id=284"},"modified":"2022-12-19T10:12:34","modified_gmt":"2022-12-19T20:12:34","slug":"les-rituels-wellnes-spa","status":"publish","type":"page","link":"https:\/\/www.hmesthetique.com\/?page_id=284","title":{"rendered":"Les  rituels Wellnes SPA"},"content":{"rendered":"<div class=\"wpb-content-wrapper\"><p>[vc_row full_width=\u00a0\u00bbstretch_row\u00a0\u00bb css=\u00a0\u00bb.vc_custom_1563776330056{margin-top: -30px !important;margin-bottom: 0px !important;padding-top: 50px !important;padding-bottom: 50px !important;background-image: url(https:\/\/www.hmesthetique.com\/wp-content\/uploads\/2019\/07\/jouvence.jpg?id=278) !important;background-position: center !important;background-repeat: no-repeat !important;background-size: cover !important;}\u00a0\u00bb][vc_column width=\u00a0\u00bb1\/6&Prime;][\/vc_column][vc_column width=\u00a0\u00bb2\/3&Prime; css=\u00a0\u00bb.vc_custom_1563777100057{padding-top: 25px !important;padding-bottom: 25px !important;background-color: rgba(255,255,255,0.84) !important;*background-color: rgb(255,255,255) !important;}\u00a0\u00bb][vc_column_text]<\/p>\n<p style=\"text-align: center;\"><strong>Cr\u00e9\u00e9e dans la charmante vieille ville thermale d\u00b4Aix-la-Chapelle, la gamme WELLNESS &amp; SPA offre un \u00e9ventail de th\u00e9rapies traditionnelles destin\u00e9es au bien-\u00eatre du corps et de l\u2019esprit. Bref, tout un programme Wellness pour \u00eatre aux petits soins de la cliente, afin de la chouchouter au maximum.<\/strong><\/p>\n<p style=\"text-align: center;\">Gr\u00e2ce aux produits WELLNESS &amp; SPA, les heures pass\u00e9es au spa offrent les bienfaits d\u2019un court s\u00e9jour de vacances. Des substances naturelles judicieusement s\u00e9lectionn\u00e9es vous plongent dans un voyage autour du monde. Voici quelques exemples : sels marins et algues de la c\u00f4te bretonne, fra\u00eecheur fruit\u00e9e de l\u2019Arctique, mais \u00e9galement les extraits de la tourbi\u00e8re de l\u00b4Eifel proche de notre r\u00e9gion d\u00b4Aix-la-Chapelle. Ces ingr\u00e9dients s\u2019unifient pour former un choix exquis de protocoles de soins corps aussi bien partiels que complets.<\/p>\n<p>[\/vc_column_text][\/vc_column][vc_column width=\u00a0\u00bb1\/6&Prime;][\/vc_column][\/vc_row][vc_row css=\u00a0\u00bb.vc_custom_1563590062363{margin-bottom: 40px !important;}\u00a0\u00bb][vc_column width=\u00a0\u00bb1\/2&Prime;]<div class=\"pricing-box  cp-right pricing-box-box\"><div class=\"plan-header\"><h2 class=\"title \">Le rituel Algues, sur les pas du centre de thalasso celtique<\/h2><div class=\"price\"><span>12 400<\/span><sup class=\"currency\">XPF<\/sup><sup class=\"period\">75 min<\/sup><\/div><hr class=\"hr_color\" \/><p class=\"subtitle\"><big>Gommage corps Atlantic \u00e0 base d'algues ou de plancton, ou Gommage Au Sel Marin \u00e0 base de poudre de sel marin et d'algues Laminaria Digitata, enveloppement confort \u00e0 base d'algues laminaria digitata et de spiruline, effleurage final avec la lotion corps Revitalisante Algues<\/big><\/p><\/div><div class=\"plan-inside\"><span class=\"pi-content\">1kg d\u00b4algues contient les substances organiques contenues dans 100.000 l d\u00b4eau de mer avec tous ses min\u00e9raux, acides amin\u00e9s, oligo\u00e9l\u00e9ments, vita-mines et polyph\u00e9nols (antioxydants) importants. La composition individuelle de chacune de ces substances varie suivant la sorte d\u00b4algue. Parmi les 20.000 esp\u00e8ces, on distingue les micro-algues et les macro-algues suivant leur croissance. D\u2019autre part, elles sont class\u00e9es en algues brunes, rouges et vertes selon leur couleur. <\/span><\/div><\/div>\n<div class=\"pricing-box  cp-right pricing-box-box\"><div class=\"plan-header\"><h2 class=\"title \">Le rituel Cacao, bijou d'Amazonie<\/h2><div class=\"price\"><span>12 400<\/span><sup class=\"currency\">XPF<\/sup><sup class=\"period\">75 min<\/sup><\/div><hr class=\"hr_color\" \/><p class=\"subtitle\"><big>Gommage corps avec Affinement Corps Cacao \u00e0 base de f\u00e8vres de cacao et d'\u00e9corce d'orange, enveloppement corps Amazonia \u00e0 base de f\u00e8ves de cacao, effleurage final avec la Lotion Corps Aromatis\u00e9e Cacao \u00e0 base d'huile de jojoba et de cacao.<\/big><\/p><\/div><div class=\"plan-inside\"><span class=\"pi-content\">De mani\u00e8re g\u00e9n\u00e9rale, le chocolat am\u00e9liore le bien-\u00eatre gr\u00e2ce \u00e0 la ph\u00e9nyl-\u00e9thylamine, un composant psychoactif. Celui-ci active dans le cerveau la production de dopamine, une hormone servant de remontant. \u00c0 c\u00f4t\u00e9 de cela, le cacao fournit des polyph\u00e9nols capables de prot\u00e9ger les vaisseaux sanguins. Dans le combat contre les radicaux libres, il constitue donc un v\u00e9ritable facteur de protection cutan\u00e9e.<\/span><\/div><\/div>\n<div class=\"pricing-box  cp-right pricing-box-box\"><div class=\"plan-header\"><h2 class=\"title \">Le rituel ``Cranberry``, fra\u00eecheur fruit\u00e9e nordique<\/h2><div class=\"price\"><span>12 400<\/span><sup class=\"currency\">XPF<\/sup><sup class=\"period\">75 min<\/sup><\/div><hr class=\"hr_color\" \/><p class=\"subtitle\"><big>Gommage avec Exfoliant Corporel Cranberry \u00e0 base de poudre de canneberge et de grains de framboise et cassis, enveloppement corps Gel Cranberry \u00e0 base d'extraits de canneberge, effleurage final avec la Lotion Corps Aromatis\u00e9e Cranberry<\/big><\/p><\/div><div class=\"plan-inside\"><span class=\"pi-content\">Ces baies aux fruits de couleur rouge pourpre avec une chair ferme et croquante poss\u00e8dent un go\u00fbt l\u00e9g\u00e8re-ment acidul\u00e9 et fruit\u00e9, accompagn\u00e9 d\u2019une petite touche sucr\u00e9e. Elles contiennent entre autres du natrium, du phosphore et une teneur \u00e9lev\u00e9e en potassium et en vitamine C. Ces composants poss\u00e8dent des vertus antioxydantes et rajeunissantes re\u00admar\u00adqua\u00adbles.<\/span><\/div><\/div>\n[vc_single_image image=\u00a0\u00bb404&Prime; img_size=\u00a0\u00bblarge\u00a0\u00bb alignment=\u00a0\u00bbcenter\u00a0\u00bb onclick=\u00a0\u00bbcustom_link\u00a0\u00bb link=\u00a0\u00bbhttps:\/\/www.hmesthetique.com\/?product=bon-cadeau\u00a0\u00bb][\/vc_column][vc_column width=\u00a0\u00bb1\/2&Prime;]<div class=\"pricing-box  cp-right pricing-box-box\"><div class=\"plan-header\"><h2 class=\"title \">Le rituel Th\u00e9 Vert, tradition japonaise<\/h2><div class=\"price\"><span>12 400<\/span><sup class=\"currency\">XPF<\/sup><sup class=\"period\">75 min<\/sup><\/div><hr class=\"hr_color\" \/><p class=\"subtitle\"><big>Gommage avec la Poudre Exfoliante Th\u00e9 Vert \u00e0 base de feuille de th\u00e9 vert d\u00e9shydrat\u00e9es et broy\u00e9es, enveloppement confort Th\u00e9 Vert \u00e0 base de th\u00e9 vert et sel marin, effleurage final avec la Lotion Corps Stimulante Th\u00e9 Vert \u00e0 base d'Huile de jojoba et d'allanto\u00efne.<\/big><\/p><\/div><div class=\"plan-inside\"><span class=\"pi-content\">Les substances bioactives du th\u00e9 vert sont au service de votre beaut\u00e9 et offrent un v\u00e9ritable soin anti-\u00e2ge permettant de conserver un corps et un esprit jeunes.<\/p>\n<p>Gr\u00e2ce \u00e0 son effet rajeunissant et vivifiant pour le corps et l\u2019esprit, le rituel Wellness \u00ab GREEN TEA \u00bb embellit la peau tout en augmentant la sensation de bien-\u00eatre<\/span><\/div><\/div>\n<div class=\"pricing-box  cp-right pricing-box-box\"><div class=\"plan-header\"><h2 class=\"title \">Le rituel Raisin, promenade au pays des vendanges<\/h2><div class=\"price\"><span>12 400<\/span><sup class=\"currency\">XPF<\/sup><sup class=\"period\">75 min<\/sup><\/div><hr class=\"hr_color\" \/><p class=\"subtitle\"><big>Gommage avec Affinement Corps Raisin \u00e0 base de fleur de lotus et p\u00e9pins et peaux de raisin rouge broy\u00e9s, enveloppement corps Bordeaux \u00e0 base de vigne rouge, de kaolin et d'avoine commune, effleurage final avec la Lotion Corps Vivifiante Vinesse \u00e0 base d'extraits de vigne rouge.<\/big><\/p><\/div><div class=\"plan-inside\"><span class=\"pi-content\">Les p\u00e9pins de raisin sont pour ainsi dire de vrais \u00ab bombes \u00e9nerg\u00e9tiques \u00bb. La substance antioxydante appel\u00e9e pro-cyanidine (ou plus exactement oligom\u00e8re proanthocyanidine, en abr\u00e9g\u00e9 OPC) neutralise nettement mieux les radicaux libres que la vitamine E ou la vitamine C. Ce potentiel antioxydant garantit une protection cellulaire exceptionnelle et un rajeunissement cutan\u00e9 remar\u00adquable. La pr\u00e9sence de polyph\u00e9nols est tout aussi importante. Ils renforcent les d\u00e9fenses immunitaires et agissent effi\u00adca\u00adcement contre le vieillissement pr\u00e9\u00adcoce.<\/span><\/div><\/div>\n<div class=\"pricing-box  cp-right pricing-box-box\"><div class=\"plan-header\"><h2 class=\"title \">Le rituel Eifel Moor, envie de nature<\/h2><div class=\"price\"><span>12 400<\/span><sup class=\"currency\">XPF<\/sup><sup class=\"period\">75 min<\/sup><\/div><hr class=\"hr_color\" \/><p class=\"subtitle\"><big>Gommage corporel avec Peeling Eifel Moor \u00e0 base d'extrait de tourbe et de rhyolite (roche volcanique), masque cr\u00e8me corporel Eifel Moor, effleurage final avec Frition Fra\u00eecheur Corps<\/big><\/p><\/div><div class=\"plan-inside\"><span class=\"pi-content\">Le nouveau rituel \u00ab EIFEL MOOR \u00bb est une sp\u00e9cialit\u00e9 toute particuli\u00e8re de la maison JANSSEN COSMETICS. \u00c0 la re\u00adcher\u00ad\u00adche de nouvelles substances acti\u00adves efficaces, les chercheurs de JANSSEN COSMETICS ont trouv\u00e9 l\u2019ingr\u00e9dient star dans le voisinage imm\u00e9diat du si\u00e8ge social de la soci\u00e9t\u00e9. En effet, au nord d\u00b4Aix-la-Chapelle se trouve la r\u00e9gion de l&rsquo;Eifel, form\u00e9e d\u00b4une cha\u00eene de montagnes de moyenne alti\u00adtude qui s&rsquo;\u00e9tend de l\u2019est de l\u2019Allemagne jusqu\u2019\u00e0 l\u2019ouest de la Belgique et du Luxembourg. Ce paysage d\u00b4une beaut\u00e9 et d\u00b4une diversit\u00e9 extraordinaire, est ponctu\u00e9 de for\u00eats, de courants d\u00b4eau, de volcans en repos et de tourbi\u00e8re haute.<\/p>\n<p>C\u00b4est pr\u00e9cis\u00e9ment dans ces tourbi\u00e8res de l\u00b4Eifel que l\u00b4on trouve les s\u00e9diments fournissant l\u00b4extrait extr\u00ea\u00adme\u00adment efficace de la tourbe. De plus, dans les for\u00eats de cette r\u00e9gion, on rencontre \u00e9galement l\u00b4h\u00eatre avec son pr\u00e9cieux extrait de bourgeons et le bouleau des mar\u00e9\u00adcages. On y r\u00e9colte des myrtilles<br \/>\npour l\u00b4huile contenue dans les graines ; les buissons, les fleurs et les herbes de cette r\u00e9gion ser\u00advent \u00e0 la production du c\u00e9l\u00e8bre miel de l\u00b4Eifel. La roche volcanique, la rhyolithe, procure une poudre contenant du quartz et les sources d\u00b4eau fournissent l\u00b4eau min\u00e9rale bien connue de la source Rhodius.<\/span><\/div><\/div>\n[\/vc_column][\/vc_row]<\/p>\n<\/div>","protected":false},"excerpt":{"rendered":"<p>[vc_row full_width=\u00a0\u00bbstretch_row\u00a0\u00bb css=\u00a0\u00bb.vc_custom_1563776330056{margin-top: -30px !important;margin-bottom: 0px !important;padding-top: 50px !important;padding-bottom: 50px !important;background-image: url(https:\/\/www.hmesthetique.com\/wp-content\/uploads\/2019\/07\/jouvence.jpg?id=278) !important;background-position: center !important;background-repeat: no-repeat !important;background-size: cover !important;}\u00a0\u00bb][vc_column width=\u00a0\u00bb1\/6&Prime;][\/vc_column][vc_column width=\u00a0\u00bb2\/3&Prime; css=\u00a0\u00bb.vc_custom_1563777100057{padding-top: 25px !important;padding-bottom: 25px !important;background-color:<span class=\"excerpt-hellip\"> [\u2026]<\/span><\/p>\n","protected":false},"author":1,"featured_media":0,"parent":0,"menu_order":0,"comment_status":"closed","ping_status":"closed","template":"","meta":{"footnotes":""},"_links":{"self":[{"href":"https:\/\/www.hmesthetique.com\/index.php?rest_route=\/wp\/v2\/pages\/284"}],"collection":[{"href":"https:\/\/www.hmesthetique.com\/index.php?rest_route=\/wp\/v2\/pages"}],"about":[{"href":"https:\/\/www.hmesthetique.com\/index.php?rest_route=\/wp\/v2\/types\/page"}],"author":[{"embeddable":true,"href":"https:\/\/www.hmesthetique.com\/index.php?rest_route=\/wp\/v2\/users\/1"}],"replies":[{"embeddable":true,"href":"https:\/\/www.hmesthetique.com\/index.php?rest_route=%2Fwp%2Fv2%2Fcomments&post=284"}],"version-history":[{"count":9,"href":"https:\/\/www.hmesthetique.com\/index.php?rest_route=\/wp\/v2\/pages\/284\/revisions"}],"predecessor-version":[{"id":589,"href":"https:\/\/www.hmesthetique.com\/index.php?rest_route=\/wp\/v2\/pages\/284\/revisions\/589"}],"wp:attachment":[{"href":"https:\/\/www.hmesthetique.com\/index.php?rest_route=%2Fwp%2Fv2%2Fmedia&parent=284"}],"curies":[{"name":"wp","href":"https:\/\/api.w.org\/{rel}","templated":true}]}}