{"id":259,"date":"2019-07-21T18:44:03","date_gmt":"2019-07-22T04:44:03","guid":{"rendered":"https:\/\/www.hmesthetique.com\/?page_id=259"},"modified":"2025-03-08T12:19:31","modified_gmt":"2025-03-08T22:19:31","slug":"massages-bien-etre","status":"publish","type":"page","link":"https:\/\/www.hmesthetique.com\/?page_id=259","title":{"rendered":"Massages bien-\u00eatre"},"content":{"rendered":"<div class=\"wpb-content-wrapper\"><p>[vc_row full_width=\u00a0\u00bbstretch_row\u00a0\u00bb css=\u00a0\u00bb.vc_custom_1563771292113{margin-top: -30px !important;margin-bottom: 0px !important;padding-top: 50px !important;padding-bottom: 50px !important;background-image: url(https:\/\/www.hmesthetique.com\/wp-content\/uploads\/2019\/07\/spa-massage.jpg?id=265) !important;background-position: center !important;background-repeat: no-repeat !important;background-size: cover !important;}\u00a0\u00bb][vc_column width=\u00a0\u00bb1\/6&Prime;][\/vc_column][vc_column width=\u00a0\u00bb2\/3&Prime; css=\u00a0\u00bb.vc_custom_1563765181794{padding-top: 25px !important;padding-bottom: 25px !important;}\u00a0\u00bb][vc_column_text][\/vc_column_text][\/vc_column][vc_column width=\u00a0\u00bb1\/6&Prime;][\/vc_column][\/vc_row][vc_row css=\u00a0\u00bb.vc_custom_1563590062363{margin-bottom: 40px !important;}\u00a0\u00bb][vc_column width=\u00a0\u00bb1\/6&Prime;][\/vc_column][vc_column width=\u00a0\u00bb2\/3&Prime;]<div class=\"pricing-box  cp-right pricing-box-box\"><div class=\"plan-header\"><h2 class=\"title \">Massage aux pierres chaudes<\/h2><div class=\"price\"><span>16 000<\/span><sup class=\"currency\">XPF<\/sup><sup class=\"period\">90 min<\/sup><\/div><hr class=\"hr_color\" \/><\/div><div class=\"plan-inside\"><span class=\"pi-content\">Originaire de Hawa\u00ef, le rituel des pierres chaudes est un massage relaxant qui consiste, \u00e0 faire glisser des galets volcanique de basalte chauff\u00e9s sur des points pr\u00e9cis du corps pour soulager des tensions musculaires profondes et des douleurs chroniques.Ces pierres chaudes volcaniques diffusent leur \u00e9nergie par simple contact sur la peau. Leur forme ronde et lisse permet au masseur de r\u00e9aliser un geste pr\u00e9cis et profond d&rsquo;assouplissement musculaire. Enfin, l&rsquo;aptitude des galets volcaniques \u00e0 conserver longtemps la chaleur permet de d\u00e9toxifier les tissus en stimulant la micro-circulation.<\/p>\n<p>Dans le cadre d&rsquo;un soin amincissant, ces pierres volcaniques ionisantes r\u00e9v\u00e8lent tous leurs bienfaits gr\u00e2ce \u00e0 l&rsquo;action combin\u00e9e de la chaleur et des principes actifs des huiles essentielles utilis\u00e9e.<\/p>\n<p>Le massage aux pierres chaudes est v\u00e9ritablement relaxant, d\u00e9contractant et drainant. Il est \u00e9galement r\u00e9\u00e9quilibrant et \u00e9nerg\u00e9tique. Ce massage de d\u00e9tente est un excellent moyen de retrouver une harmonie physique et mentale.<\/span><\/div><\/div>\n<div class=\"pricing-box  cp-right pricing-box-box\"><div class=\"plan-header\"><h2 class=\"title \">Massage indien Abhyanga<\/h2><div class=\"price\"><span>12 800<\/span><sup class=\"currency\">XPF<\/sup><sup class=\"period\">90 min<\/sup><\/div><hr class=\"hr_color\" \/><\/div><div class=\"plan-inside\"><span class=\"pi-content\">Le massage ancestral \u00ab abhyanga \u00bb est originaire d\u2019Inde et signifie \u00ab massage \u00e0 l\u2019huile de tout le corps \u00ab . C\u2019est un massage tr\u00e8s enveloppant pratiqu\u00e9 avec de l\u2019huile chaude de s\u00e9samequi aide \u00e0 d\u00e9nouer les tensions et \u00e9liminer les toxines. Il est tr\u00e8s relaxant mais \u00e9galement \u00e9nergisant.<\/span><\/div><\/div>\n<div class=\"pricing-box  cp-right pricing-box-box\"><div class=\"plan-header\"><h2 class=\"title \">Massage Californien corps<\/h2><div class=\"price\"><span>12 800<\/span><sup class=\"currency\">XPF<\/sup><sup class=\"period\">90 min<\/sup><\/div><hr class=\"hr_color\" \/><\/div><div class=\"plan-inside\"><span class=\"pi-content\">C&rsquo;est un massage d\u00e9tente et bien-\u00eatre. Il se compose de mouvements fluides, continus et enveloppants, de longs effleurages et p\u00e9trissages et de mouvements gliss\u00e9s pouvant aller en profondeur dans les tissus.<\/span><\/div><\/div>\n<div class=\"pricing-box  cp-right pricing-box-box\"><div class=\"plan-header\"><h2 class=\"title \">La R\u00e9flexologie plantaire<\/h2><div class=\"price\"><span>9 300<\/span><sup class=\"currency\">XPF<\/sup><sup class=\"period\">60 min<\/sup><\/div><hr class=\"hr_color\" \/><\/div><div class=\"plan-inside\"><span class=\"pi-content\">C\u2019est une technique de massage des pieds \u00e9nerg\u00e9tique qui consiste en des pressions sur des zones r\u00e9flexes du pied. Les Chinois et les Egyptiens qui en connaissaient les bienfaits le pratiquaient durant l\u2019antiquit\u00e9.<br \/>\nLe protocole est tr\u00e8s pr\u00e9cis et repose sur le fait que chaque partie du corps est repr\u00e9sent\u00e9e \u00e0 un endroit d\u00e9termin\u00e9 du pied. Ceci permet une bonne stimulation nerveuse et sanguine en plus de procurer d\u00e9tente et relaxation. On r\u00e9tablit ainsi l\u2019\u00e9quilibre \u00e9motionnel en r\u00e9tablissant un bien-\u00eatre physiologique.<br \/>\n<\/span><\/div><\/div>\n<div class=\"pricing-box  cp-right pricing-box-box\"><div class=\"plan-header\"><h2 class=\"title \">Massage Californien corps<\/h2><div class=\"price\"><span>9 300<\/span><sup class=\"currency\">XPF<\/sup><sup class=\"period\">60 min<\/sup><\/div><hr class=\"hr_color\" \/><\/div><div class=\"plan-inside\"><span class=\"pi-content\">C&rsquo;est un massage d\u00e9tente et bien-\u00eatre. Il se compose de mouvements fluides, continus et enveloppants, de longs effleurages et p\u00e9trissages et de mouvements gliss\u00e9s pouvant aller en profondeur dans les tissus.<\/span><\/div><\/div>\n<div class=\"pricing-box  cp-right pricing-box-box\"><div class=\"plan-header\"><h2 class=\"title \">Les ventouses<\/h2><div class=\"price\"><span>4 350<\/span><sup class=\"currency\">XPF<\/sup><sup class=\"period\">30 \u00e0 45 min<\/sup><\/div><hr class=\"hr_color\" \/><\/div><div class=\"plan-inside\"><span class=\"pi-content\">Le bien-\u00eatre par les ventouses est une technique inspir\u00e9e par le \u00ab\u00a0ba guan\u00a0\u00bb ou \u00ab\u00a0cupping therapy\u00a0\u00bb, une m\u00e9thode ancestrale chinoise qui permet de soulager les douleurs et les raideurs musculaires.<br \/>\nConcr\u00e8tement, il s\u2019agit d\u2019appliquer des ventouses \u00e0 des endroits pr\u00e9cis du corps en cr\u00e9ant une aspiration. Ceci a pour effet de lib\u00e9rer les tensions et \u00e9liminer les toxines. Cette technique totalement indolore va faire correctement circuler votre \u00e9nergie.<br \/>\n<\/span><\/div><\/div>\n<div class=\"pricing-box  cp-right pricing-box-box\"><div class=\"plan-header\"><h2 class=\"title \">Massage cr\u00e2nien<\/h2><div class=\"price\"><span>4 350<\/span><sup class=\"currency\">XPF<\/sup><sup class=\"period\">25 min<\/sup><\/div><hr class=\"hr_color\" \/><\/div><\/div>\n<div class=\"pricing-box  cp-right pricing-box-box\"><div class=\"plan-header\"><h2 class=\"title \">Massage d\u00e9contractant du dos ou massage jambes l\u00e8g\u00e8res<\/h2><div class=\"price\"><span>4 350<\/span><sup class=\"currency\">XPF<\/sup><sup class=\"period\">25 min<\/sup><\/div><hr class=\"hr_color\" \/><\/div><div class=\"plan-inside\"><span class=\"pi-content\">C&rsquo;est un massage d\u00e9tente et bien-\u00eatre. Pour le dos, il se compose de mouvements fluides, continus et enveloppants, et p\u00e9trissages pouvant aller en profondeur dans les tissus.<\/p>\n<p>Pour les jambes, il s&rsquo;agit d&rsquo;un massage qui soulage les jambes lourdes en favorisant le retour veineux.<\/span><\/div><\/div>\n[\/vc_column][vc_column width=\u00a0\u00bb1\/6&Prime;][vc_single_image image=\u00a0\u00bb404&Prime; img_size=\u00a0\u00bbmedium\u00a0\u00bb alignment=\u00a0\u00bbcenter\u00a0\u00bb onclick=\u00a0\u00bbcustom_link\u00a0\u00bb link=\u00a0\u00bbhttps:\/\/www.hmesthetique.com\/?product=bon-cadeau\u00a0\u00bb][\/vc_column][\/vc_row]<\/p>\n<\/div>","protected":false},"excerpt":{"rendered":"<p>[vc_row full_width=\u00a0\u00bbstretch_row\u00a0\u00bb css=\u00a0\u00bb.vc_custom_1563771292113{margin-top: -30px !important;margin-bottom: 0px !important;padding-top: 50px !important;padding-bottom: 50px !important;background-image: url(https:\/\/www.hmesthetique.com\/wp-content\/uploads\/2019\/07\/spa-massage.jpg?id=265) !important;background-position: center !important;background-repeat: no-repeat !important;background-size: cover !important;}\u00a0\u00bb][vc_column width=\u00a0\u00bb1\/6&Prime;][\/vc_column][vc_column width=\u00a0\u00bb2\/3&Prime; css=\u00a0\u00bb.vc_custom_1563765181794{padding-top: 25px !important;padding-bottom: 25px !important;}\u00a0\u00bb][vc_column_text][\/vc_column_text][\/vc_column][vc_column<span class=\"excerpt-hellip\"> [\u2026]<\/span><\/p>\n","protected":false},"author":1,"featured_media":0,"parent":0,"menu_order":0,"comment_status":"closed","ping_status":"closed","template":"","meta":{"footnotes":""},"_links":{"self":[{"href":"https:\/\/www.hmesthetique.com\/index.php?rest_route=\/wp\/v2\/pages\/259"}],"collection":[{"href":"https:\/\/www.hmesthetique.com\/index.php?rest_route=\/wp\/v2\/pages"}],"about":[{"href":"https:\/\/www.hmesthetique.com\/index.php?rest_route=\/wp\/v2\/types\/page"}],"author":[{"embeddable":true,"href":"https:\/\/www.hmesthetique.com\/index.php?rest_route=\/wp\/v2\/users\/1"}],"replies":[{"embeddable":true,"href":"https:\/\/www.hmesthetique.com\/index.php?rest_route=%2Fwp%2Fv2%2Fcomments&post=259"}],"version-history":[{"count":17,"href":"https:\/\/www.hmesthetique.com\/index.php?rest_route=\/wp\/v2\/pages\/259\/revisions"}],"predecessor-version":[{"id":647,"href":"https:\/\/www.hmesthetique.com\/index.php?rest_route=\/wp\/v2\/pages\/259\/revisions\/647"}],"wp:attachment":[{"href":"https:\/\/www.hmesthetique.com\/index.php?rest_route=%2Fwp%2Fv2%2Fmedia&parent=259"}],"curies":[{"name":"wp","href":"https:\/\/api.w.org\/{rel}","templated":true}]}}