{"id":253,"date":"2019-07-21T18:42:16","date_gmt":"2019-07-22T04:42:16","guid":{"rendered":"https:\/\/www.hmesthetique.com\/?page_id=253"},"modified":"2025-03-08T14:04:26","modified_gmt":"2025-03-09T00:04:26","slug":"les-bains-de-jouvence","status":"publish","type":"page","link":"https:\/\/www.hmesthetique.com\/?page_id=253","title":{"rendered":"Les bains de jouvence"},"content":{"rendered":"<div class=\"wpb-content-wrapper\"><p>[vc_row full_width=\u00a0\u00bbstretch_row\u00a0\u00bb css=\u00a0\u00bb.vc_custom_1563776330056{margin-top: -30px !important;margin-bottom: 0px !important;padding-top: 50px !important;padding-bottom: 50px !important;background-image: url(https:\/\/www.hmesthetique.com\/wp-content\/uploads\/2019\/07\/jouvence.jpg?id=278) !important;background-position: center !important;background-repeat: no-repeat !important;background-size: cover !important;}\u00a0\u00bb][vc_column width=\u00a0\u00bb1\/6&Prime;][\/vc_column][vc_column width=\u00a0\u00bb2\/3&Prime; css=\u00a0\u00bb.vc_custom_1563765181794{padding-top: 25px !important;padding-bottom: 25px !important;}\u00a0\u00bb][vc_column_text][\/vc_column_text][\/vc_column][vc_column width=\u00a0\u00bb1\/6&Prime;][\/vc_column][\/vc_row][vc_row css=\u00a0\u00bb.vc_custom_1563590062363{margin-bottom: 40px !important;}\u00a0\u00bb][vc_column width=\u00a0\u00bb1\/3&Prime;][vc_single_image image=\u00a0\u00bb404&Prime; img_size=\u00a0\u00bblarge\u00a0\u00bb alignment=\u00a0\u00bbcenter\u00a0\u00bb onclick=\u00a0\u00bbcustom_link\u00a0\u00bb link=\u00a0\u00bbhttps:\/\/www.hmesthetique.com\/?product=bon-cadeau\u00a0\u00bb]<div class=\"pricing-box  cp-right pricing-box-box\"><div class=\"plan-header\"><h2 class=\"title \">La baln\u00e9o<\/h2><div class=\"price\"><span>3 900<\/span><sup class=\"currency\">XPF<\/sup><sup class=\"period\">15 min<\/sup><\/div><hr class=\"hr_color\" \/><p class=\"subtitle\"><big>Bain \u00e0 remous revitalisant ou relaxant qui d\u00e9tend les muscles et favorise une bonne circulation sanguine.<\/big><\/p><\/div><div class=\"plan-inside\"><span class=\"pi-content\">C\u2019est un bain \u00e0 remous o\u00f9 l\u2019eau est expuls\u00e9e par l\u2019air. Les jets sont orient\u00e9s sur les parties du corps \u00e0 traiter pour d\u00e9nouer les tensions et soulager les douleurs. L\u2019hydromassage est pratiqu\u00e9 pour dynamiser et favoriser la circulation sanguine. Profitez en m\u00eame temps des bienfaits de la chromo th\u00e9rapie.<\/span><\/div><\/div>\n[\/vc_column][vc_column width=\u00a0\u00bb1\/3&Prime;]<div class=\"pricing-box  cp-right pricing-box-box\"><div class=\"plan-header\"><h2 class=\"title \">Le hammam<\/h2><div class=\"price\"><span>3 900<\/span><sup class=\"currency\">XPF<\/sup><sup class=\"period\">20 \u00e0 30 min<\/sup><\/div><hr class=\"hr_color\" \/><p class=\"subtitle\"><big>Bain de vapeur humide qui d\u00e9tend les muscles et d\u00e9toxifie l'organisme<\/big><\/p><\/div><div class=\"plan-inside\"><span class=\"pi-content\">Une exp\u00e9rience ressoursante excellente pour la sant\u00e9. A ne pas confondre avec le sauna qui propose une chaleur s\u00e8che, dans le hammam, le niveau d\u2019humidit\u00e9 et de chaleur est tr\u00e8s \u00e9lev\u00e9.<br \/>\nUne s\u00e9ance de hammam permet d\u2019\u00e9vacuer le stress, nettoie la peau car la chaleur dilate les pores et lib\u00e8re toutes les impuret\u00e9s accumul\u00e9es. Le corps en transpirant \u00e9limine les toxines et stimule la circulation, \u00e9vite les courbatures apr\u00e8s un effort physique, d\u00e9gage les voies respiratoires gr\u00e2ce \u00e0 la pr\u00e9sence d\u2019huiles essentielles.<br \/>\n<\/span><\/div><\/div>\n[\/vc_column][vc_column width=\u00a0\u00bb1\/3&Prime;]<div class=\"pricing-box  cp-right pricing-box-box\"><div class=\"plan-header\"><h2 class=\"title \">Abonnement 10 s\u00e9ances hammam ou baln\u00e9o<\/h2><div class=\"price\"><span>35 000<\/span><sup class=\"currency\">XPF<\/sup><sup class=\"period\">20 \u00e0 30 min \/ sc\u00e9ance<\/sup><\/div><hr class=\"hr_color\" \/><\/div><div class=\"plan-inside\"><span class=\"pi-content\"><\/p>\n<ul>\n<li>Bain de vapeur humide qui d\u00e9tend les muscles et d\u00e9toxifie l&rsquo;organisme<\/li>\n<li><strong>ou<\/strong><\/li>\n<li>Bain \u00e0 remous revitalisant ou relaxant qui d\u00e9tend les muscles et favorise une bonne circulation sanguine<\/li>\n<\/ul>\n<p><\/span><\/div><\/div>\n<div class=\"pricing-box  cp-right pricing-box-box\"><div class=\"plan-header\"><h2 class=\"title \">Une s\u00e9ance hammam+baln\u00e9o (1 personne)<\/h2><div class=\"price\"><span>7 000<\/span><sup class=\"currency\">XPF<\/sup><sup class=\"period\">45 min<\/sup><\/div><hr class=\"hr_color\" \/><\/div><div class=\"plan-inside\"><span class=\"pi-content\">1 personne<\/span><\/div><\/div>\n<div class=\"pricing-box  cp-right pricing-box-box\"><div class=\"plan-header\"><h2 class=\"title \">Une s\u00e9ance de hammam en duo (2 personnes)<\/h2><div class=\"price\"><span>6 500<\/span><sup class=\"currency\">XPF<\/sup><sup class=\"period\">20 \u00e0 30 min<\/sup><\/div><hr class=\"hr_color\" \/><\/div><div class=\"plan-inside\"><span class=\"pi-content\">2 personnes<\/span><\/div><\/div>\n[\/vc_column][\/vc_row]<\/p>\n<\/div>","protected":false},"excerpt":{"rendered":"<p>[vc_row full_width=\u00a0\u00bbstretch_row\u00a0\u00bb css=\u00a0\u00bb.vc_custom_1563776330056{margin-top: -30px !important;margin-bottom: 0px !important;padding-top: 50px !important;padding-bottom: 50px !important;background-image: url(https:\/\/www.hmesthetique.com\/wp-content\/uploads\/2019\/07\/jouvence.jpg?id=278) !important;background-position: center !important;background-repeat: no-repeat !important;background-size: cover !important;}\u00a0\u00bb][vc_column width=\u00a0\u00bb1\/6&Prime;][\/vc_column][vc_column width=\u00a0\u00bb2\/3&Prime; css=\u00a0\u00bb.vc_custom_1563765181794{padding-top: 25px !important;padding-bottom: 25px !important;}\u00a0\u00bb][vc_column_text][\/vc_column_text][\/vc_column][vc_column<span class=\"excerpt-hellip\"> [\u2026]<\/span><\/p>\n","protected":false},"author":1,"featured_media":0,"parent":0,"menu_order":0,"comment_status":"closed","ping_status":"closed","template":"","meta":{"footnotes":""},"_links":{"self":[{"href":"https:\/\/www.hmesthetique.com\/index.php?rest_route=\/wp\/v2\/pages\/253"}],"collection":[{"href":"https:\/\/www.hmesthetique.com\/index.php?rest_route=\/wp\/v2\/pages"}],"about":[{"href":"https:\/\/www.hmesthetique.com\/index.php?rest_route=\/wp\/v2\/types\/page"}],"author":[{"embeddable":true,"href":"https:\/\/www.hmesthetique.com\/index.php?rest_route=\/wp\/v2\/users\/1"}],"replies":[{"embeddable":true,"href":"https:\/\/www.hmesthetique.com\/index.php?rest_route=%2Fwp%2Fv2%2Fcomments&post=253"}],"version-history":[{"count":22,"href":"https:\/\/www.hmesthetique.com\/index.php?rest_route=\/wp\/v2\/pages\/253\/revisions"}],"predecessor-version":[{"id":651,"href":"https:\/\/www.hmesthetique.com\/index.php?rest_route=\/wp\/v2\/pages\/253\/revisions\/651"}],"wp:attachment":[{"href":"https:\/\/www.hmesthetique.com\/index.php?rest_route=%2Fwp%2Fv2%2Fmedia&parent=253"}],"curies":[{"name":"wp","href":"https:\/\/api.w.org\/{rel}","templated":true}]}}