{"id":215,"date":"2019-07-21T16:47:01","date_gmt":"2019-07-22T02:47:01","guid":{"rendered":"https:\/\/www.hmesthetique.com\/?page_id=215"},"modified":"2025-03-08T10:55:24","modified_gmt":"2025-03-08T20:55:24","slug":"les-epilations","status":"publish","type":"page","link":"https:\/\/www.hmesthetique.com\/?page_id=215","title":{"rendered":"Les \u00e9pilations"},"content":{"rendered":"<div class=\"wpb-content-wrapper\"><p>[vc_row full_width=\u00a0\u00bbstretch_row\u00a0\u00bb css=\u00a0\u00bb.vc_custom_1563768142747{margin-top: -30px !important;margin-bottom: 40px !important;padding-top: 50px !important;padding-bottom: 50px !important;background-image: url(https:\/\/www.hmesthetique.com\/wp-content\/uploads\/2019\/07\/epilation.jpg?id=220) !important;background-position: center !important;background-repeat: no-repeat !important;background-size: cover !important;}\u00a0\u00bb][vc_column width=\u00a0\u00bb1\/6&Prime;][\/vc_column][vc_column width=\u00a0\u00bb2\/3&Prime; css=\u00a0\u00bb.vc_custom_1563760260008{padding-top: 25px !important;padding-bottom: 25px !important;background-color: rgba(255,255,255,0.9) !important;*background-color: rgb(255,255,255) !important;}\u00a0\u00bb][vc_column_text]<\/p>\n<p style=\"text-align: center;\">Les \u00e9pilations se font \u00e0 la cire jetable uniquement. Pour les zones sensibles, telles que le maillot et les aisselles, de la cire basse temp\u00e9rature est utilis\u00e9e pour les jambes, de la cire ti\u00e8de avec bandes.<\/p>\n<p>[\/vc_column_text][\/vc_column][vc_column width=\u00a0\u00bb1\/6&Prime;][\/vc_column][\/vc_row][vc_row gap=\u00a0\u00bb30&Prime; css=\u00a0\u00bb.vc_custom_1563762226047{margin-bottom: 40px !important;}\u00a0\u00bb][vc_column width=\u00a0\u00bb1\/2&Prime;]<div class=\"fancy_heading fancy_heading_line\"><div class=\"fh-top\"><\/div><h2 class=\"title\">Les \u00e9pilations<\/h2><\/div>\n[vc_row_inner content_placement=\u00a0\u00bbbottom\u00a0\u00bb el_class=\u00a0\u00bbprix-liste\u00a0\u00bb][vc_column_inner el_class=\u00a0\u00bbtitre-service\u00a0\u00bb width=\u00a0\u00bb2\/3&Prime;][vc_column_text]<span class=\"tarif-titre\">Jambes enti\u00e8res<\/span>[\/vc_column_text][\/vc_column_inner][vc_column_inner el_class=\u00a0\u00bbprix\u00a0\u00bb width=\u00a0\u00bb1\/3&Prime;][vc_column_text]<\/p>\n<p style=\"text-align: right;\">4 100 XPF<\/p>\n<p>[\/vc_column_text][\/vc_column_inner][\/vc_row_inner][vc_row_inner content_placement=\u00a0\u00bbbottom\u00a0\u00bb el_class=\u00a0\u00bbprix-liste\u00a0\u00bb][vc_column_inner el_class=\u00a0\u00bbtitre-service\u00a0\u00bb width=\u00a0\u00bb2\/3&Prime;][vc_column_text]<span class=\"tarif-titre\">Maillot \u00e9chancr\u00e9 ou int\u00e9gral<\/span>[\/vc_column_text][\/vc_column_inner][vc_column_inner el_class=\u00a0\u00bbprix\u00a0\u00bb width=\u00a0\u00bb1\/3&Prime;][vc_column_text]<\/p>\n<p style=\"text-align: right;\">3 400 XPF<\/p>\n<p>[\/vc_column_text][\/vc_column_inner][\/vc_row_inner][vc_row_inner content_placement=\u00a0\u00bbbottom\u00a0\u00bb el_class=\u00a0\u00bbprix-liste\u00a0\u00bb][vc_column_inner el_class=\u00a0\u00bbtitre-service\u00a0\u00bb width=\u00a0\u00bb2\/3&Prime;][vc_column_text]<span class=\"tarif-titre\">Demi-jambes<\/span>[\/vc_column_text][\/vc_column_inner][vc_column_inner el_class=\u00a0\u00bbprix\u00a0\u00bb width=\u00a0\u00bb1\/3&Prime;][vc_column_text]<\/p>\n<p style=\"text-align: right;\">2 300 XPF<\/p>\n<p>[\/vc_column_text][\/vc_column_inner][\/vc_row_inner][vc_row_inner content_placement=\u00a0\u00bbbottom\u00a0\u00bb el_class=\u00a0\u00bbprix-liste\u00a0\u00bb][vc_column_inner el_class=\u00a0\u00bbtitre-service\u00a0\u00bb width=\u00a0\u00bb2\/3&Prime;][vc_column_text]<span class=\"tarif-titre\">Maillot<\/span>[\/vc_column_text][\/vc_column_inner][vc_column_inner el_class=\u00a0\u00bbprix\u00a0\u00bb width=\u00a0\u00bb1\/3&Prime;][vc_column_text]<\/p>\n<p style=\"text-align: right;\">2 500 XPF<\/p>\n<p>[\/vc_column_text][\/vc_column_inner][\/vc_row_inner][vc_row_inner content_placement=\u00a0\u00bbbottom\u00a0\u00bb el_class=\u00a0\u00bbprix-liste\u00a0\u00bb][vc_column_inner el_class=\u00a0\u00bbtitre-service\u00a0\u00bb width=\u00a0\u00bb2\/3&Prime;][vc_column_text]<span class=\"tarif-titre\">Bras<\/span>[\/vc_column_text][\/vc_column_inner][vc_column_inner el_class=\u00a0\u00bbprix\u00a0\u00bb width=\u00a0\u00bb1\/3&Prime;][vc_column_text]<\/p>\n<p style=\"text-align: right;\">2 200 XPF<\/p>\n<p>[\/vc_column_text][\/vc_column_inner][\/vc_row_inner][vc_row_inner content_placement=\u00a0\u00bbbottom\u00a0\u00bb el_class=\u00a0\u00bbprix-liste\u00a0\u00bb][vc_column_inner el_class=\u00a0\u00bbtitre-service\u00a0\u00bb width=\u00a0\u00bb2\/3&Prime;][vc_column_text]<span class=\"tarif-titre\">Aisselles<\/span>[\/vc_column_text][\/vc_column_inner][vc_column_inner el_class=\u00a0\u00bbprix\u00a0\u00bb width=\u00a0\u00bb1\/3&Prime;][vc_column_text]<\/p>\n<p style=\"text-align: right;\">1 500 XPF<\/p>\n<p>[\/vc_column_text][\/vc_column_inner][\/vc_row_inner][vc_row_inner content_placement=\u00a0\u00bbbottom\u00a0\u00bb el_class=\u00a0\u00bbprix-liste\u00a0\u00bb][vc_column_inner el_class=\u00a0\u00bbtitre-service\u00a0\u00bb width=\u00a0\u00bb2\/3&Prime;][vc_column_text]<span class=\"tarif-titre\">Menton<\/span>[\/vc_column_text][\/vc_column_inner][vc_column_inner el_class=\u00a0\u00bbprix\u00a0\u00bb width=\u00a0\u00bb1\/3&Prime;][vc_column_text]<\/p>\n<p style=\"text-align: right;\">1 100 XPF<\/p>\n<p>[\/vc_column_text][\/vc_column_inner][\/vc_row_inner][vc_row_inner content_placement=\u00a0\u00bbbottom\u00a0\u00bb el_class=\u00a0\u00bbprix-liste\u00a0\u00bb][vc_column_inner el_class=\u00a0\u00bbtitre-service\u00a0\u00bb width=\u00a0\u00bb2\/3&Prime;][vc_column_text]<span class=\"tarif-titre\">Ventre, fesses, divers&#8230;<\/span>[\/vc_column_text][\/vc_column_inner][vc_column_inner el_class=\u00a0\u00bbprix\u00a0\u00bb width=\u00a0\u00bb1\/3&Prime;][vc_column_text]<\/p>\n<p style=\"text-align: right;\">1 150 XPF<\/p>\n<p>[\/vc_column_text][\/vc_column_inner][\/vc_row_inner][vc_row_inner content_placement=\u00a0\u00bbbottom\u00a0\u00bb el_class=\u00a0\u00bbprix-liste\u00a0\u00bb][vc_column_inner el_class=\u00a0\u00bbtitre-service\u00a0\u00bb width=\u00a0\u00bb2\/3&Prime;][vc_column_text]<span class=\"tarif-titre\">L\u00e8vres ou sourcils<\/span>[\/vc_column_text][\/vc_column_inner][vc_column_inner el_class=\u00a0\u00bbprix\u00a0\u00bb width=\u00a0\u00bb1\/3&Prime;][vc_column_text]<\/p>\n<p style=\"text-align: right;\">1050 XPF<\/p>\n<p>[\/vc_column_text][\/vc_column_inner][\/vc_row_inner][\/vc_column][vc_column width=\u00a0\u00bb1\/2&Prime;]<div class=\"fancy_heading fancy_heading_line\"><div class=\"fh-top\"><\/div><h2 class=\"title\">Les forfaits<\/h2><\/div>\n[vc_row_inner content_placement=\u00a0\u00bbbottom\u00a0\u00bb el_class=\u00a0\u00bbprix-liste\u00a0\u00bb css=\u00a0\u00bb.vc_custom_1563764125085{margin-top: 40px !important;}\u00a0\u00bb][vc_column_inner el_class=\u00a0\u00bbtitre-service\u00a0\u00bb width=\u00a0\u00bb2\/3&Prime;][vc_column_text]<span class=\"tarif-titre\">Forfait Jambes enti\u00e8res + Maillot echancr\u00e9 ou int\u00e9gral + Aisselles<\/span>[\/vc_column_text][\/vc_column_inner][vc_column_inner el_class=\u00a0\u00bbprix\u00a0\u00bb width=\u00a0\u00bb1\/3&Prime;][vc_column_text]<\/p>\n<p style=\"text-align: right;\">8 800 XPF<\/p>\n<p>[\/vc_column_text][\/vc_column_inner][\/vc_row_inner][vc_row_inner content_placement=\u00a0\u00bbbottom\u00a0\u00bb el_class=\u00a0\u00bbprix-liste\u00a0\u00bb css=\u00a0\u00bb.vc_custom_1563764125085{margin-top: 40px !important;}\u00a0\u00bb][vc_column_inner el_class=\u00a0\u00bbtitre-service\u00a0\u00bb width=\u00a0\u00bb2\/3&Prime;][vc_column_text]<span class=\"tarif-titre\">Forfait jambes enti\u00e8res + Maillot + Aisselles<\/span>[\/vc_column_text][\/vc_column_inner][vc_column_inner el_class=\u00a0\u00bbprix\u00a0\u00bb width=\u00a0\u00bb1\/3&Prime;][vc_column_text]<\/p>\n<p style=\"text-align: right;\">7 900 XPF<\/p>\n<p>[\/vc_column_text][\/vc_column_inner][\/vc_row_inner][vc_row_inner content_placement=\u00a0\u00bbbottom\u00a0\u00bb el_class=\u00a0\u00bbprix-liste\u00a0\u00bb css=\u00a0\u00bb.vc_custom_1563764125085{margin-top: 40px !important;}\u00a0\u00bb][vc_column_inner el_class=\u00a0\u00bbtitre-service\u00a0\u00bb width=\u00a0\u00bb2\/3&Prime;][vc_column_text]<span class=\"tarif-titre\">Forfait 1\/2 jambes + Maillot \u00e9chancr\u00e9 ou int\u00e9gral + Aisselles<\/span>[\/vc_column_text][\/vc_column_inner][vc_column_inner el_class=\u00a0\u00bbprix\u00a0\u00bb width=\u00a0\u00bb1\/3&Prime;][vc_column_text]<\/p>\n<p style=\"text-align: right;\">7 000 XPF<\/p>\n<p>[\/vc_column_text][\/vc_column_inner][\/vc_row_inner][vc_row_inner content_placement=\u00a0\u00bbbottom\u00a0\u00bb el_class=\u00a0\u00bbprix-liste\u00a0\u00bb][vc_column_inner el_class=\u00a0\u00bbtitre-service\u00a0\u00bb width=\u00a0\u00bb2\/3&Prime;][vc_column_text]<span class=\"tarif-titre\">Forfait 1\/2 jambes + Maillot + Aisselles<\/span>[\/vc_column_text][\/vc_column_inner][vc_column_inner el_class=\u00a0\u00bbprix\u00a0\u00bb width=\u00a0\u00bb1\/3&Prime;][vc_column_text]<\/p>\n<p style=\"text-align: right;\">6 000 XPF<\/p>\n<p>[\/vc_column_text][\/vc_column_inner][\/vc_row_inner][vc_single_image image=\u00a0\u00bb404&Prime; img_size=\u00a0\u00bblarge\u00a0\u00bb alignment=\u00a0\u00bbcenter\u00a0\u00bb onclick=\u00a0\u00bbcustom_link\u00a0\u00bb link=\u00a0\u00bbhttps:\/\/www.hmesthetique.com\/?product=bon-cadeau\u00a0\u00bb css=\u00a0\u00bb.vc_custom_1671480598983{margin-top: 50px !important;}\u00a0\u00bb][\/vc_column][\/vc_row]<\/p>\n<\/div>","protected":false},"excerpt":{"rendered":"<p>[vc_row full_width=\u00a0\u00bbstretch_row\u00a0\u00bb css=\u00a0\u00bb.vc_custom_1563768142747{margin-top: -30px !important;margin-bottom: 40px !important;padding-top: 50px !important;padding-bottom: 50px !important;background-image: url(https:\/\/www.hmesthetique.com\/wp-content\/uploads\/2019\/07\/epilation.jpg?id=220) !important;background-position: center !important;background-repeat: no-repeat !important;background-size: cover !important;}\u00a0\u00bb][vc_column width=\u00a0\u00bb1\/6&Prime;][\/vc_column][vc_column width=\u00a0\u00bb2\/3&Prime; css=\u00a0\u00bb.vc_custom_1563760260008{padding-top: 25px !important;padding-bottom: 25px !important;background-color:<span class=\"excerpt-hellip\"> [\u2026]<\/span><\/p>\n","protected":false},"author":1,"featured_media":0,"parent":0,"menu_order":0,"comment_status":"closed","ping_status":"closed","template":"","meta":{"footnotes":""},"_links":{"self":[{"href":"https:\/\/www.hmesthetique.com\/index.php?rest_route=\/wp\/v2\/pages\/215"}],"collection":[{"href":"https:\/\/www.hmesthetique.com\/index.php?rest_route=\/wp\/v2\/pages"}],"about":[{"href":"https:\/\/www.hmesthetique.com\/index.php?rest_route=\/wp\/v2\/types\/page"}],"author":[{"embeddable":true,"href":"https:\/\/www.hmesthetique.com\/index.php?rest_route=\/wp\/v2\/users\/1"}],"replies":[{"embeddable":true,"href":"https:\/\/www.hmesthetique.com\/index.php?rest_route=%2Fwp%2Fv2%2Fcomments&post=215"}],"version-history":[{"count":21,"href":"https:\/\/www.hmesthetique.com\/index.php?rest_route=\/wp\/v2\/pages\/215\/revisions"}],"predecessor-version":[{"id":644,"href":"https:\/\/www.hmesthetique.com\/index.php?rest_route=\/wp\/v2\/pages\/215\/revisions\/644"}],"wp:attachment":[{"href":"https:\/\/www.hmesthetique.com\/index.php?rest_route=%2Fwp%2Fv2%2Fmedia&parent=215"}],"curies":[{"name":"wp","href":"https:\/\/api.w.org\/{rel}","templated":true}]}}