{"id":163,"date":"2019-07-19T16:14:19","date_gmt":"2019-07-20T02:14:19","guid":{"rendered":"https:\/\/www.hmesthetique.com\/?page_id=163"},"modified":"2025-03-08T12:36:34","modified_gmt":"2025-03-08T22:36:34","slug":"les-soins-du-visage","status":"publish","type":"page","link":"https:\/\/www.hmesthetique.com\/?page_id=163","title":{"rendered":"Les soins du visage"},"content":{"rendered":"<div class=\"wpb-content-wrapper\"><p>[vc_row full_width=\u00a0\u00bbstretch_row\u00a0\u00bb css=\u00a0\u00bb.vc_custom_1563768041006{margin-top: -30px !important;padding-top: 50px !important;padding-bottom: 50px !important;background-image: url(https:\/\/www.hmesthetique.com\/wp-content\/uploads\/2019\/07\/soin-du-visage.jpg?id=243) !important;background-position: center !important;background-repeat: no-repeat !important;background-size: cover !important;}\u00a0\u00bb][vc_column][\/vc_column][\/vc_row][vc_row][vc_column width=\u00a0\u00bb3\/4&Prime;][vc_row_inner][vc_column_inner width=\u00a0\u00bb1\/2&Prime;]<div class=\"pricing-box  cp-right pricing-box-box\"><div class=\"plan-header\"><h2 class=\"title \">Le soin Luxe Platinum<\/h2><div class=\"price\"><span>16 000<\/span><sup class=\"currency\">XPF<\/sup><sup class=\"period\">90 min<\/sup><\/div><hr class=\"hr_color\" \/><p class=\"subtitle\"><big>Nettoyage de peau avec des serviettes chaudes, ampoule de soin, modelage du visage-cou-d\u00e9collet\u00e9, masque, cr\u00e8me de soin.<\/big><\/p><\/div><div class=\"plan-inside\"><span class=\"pi-content\">Soin antirides d&rsquo;une efficacit\u00e9 surprenante gr\u00e2ce au Matrixyl Synthe 6, au Platine collo\u00efdal et \u00e0 l&rsquo;extrait d&rsquo;arbre \u00e0 soie. Le soin revitalise la peau, raffermit les contours du visage, favorise la r\u00e9g\u00e9n\u00e9ration naturelle de la peau, \u00e9limine les ridules de s\u00e9cheresse. Le teint est uniforme et la peau satin\u00e9en fra\u00eechement rajeunie.<\/span><\/div><\/div>\n<div class=\"pricing-box  cp-right pricing-box-box\"><div class=\"plan-header\"><h2 class=\"title \">Le soin au Collag\u00e8ne<\/h2><div class=\"price\"><span>13 550<\/span><sup class=\"currency\">XPF<\/sup><sup class=\"period\">75 \u00e0 90 min<\/sup><\/div><hr class=\"hr_color\" \/><p class=\"subtitle\"><big>Masque-gommage thermique, Nettoyage, modelage anti-rides du visage, s\u00e9rum ou ampoule de soin, masque au collag\u00e8ne et cr\u00e8me de soin<\/big><\/p><\/div><div class=\"plan-inside\"><span class=\"pi-content\">Le collag\u00e8ne lyophilis\u00e9 ofre l&rsquo;avantage d&rsquo;une excellente tol\u00e9rance cutan\u00e9e. Il permet une importante hydratation, et am\u00e9liore l&rsquo;\u00e9tat de surface ( rides) et les imperfections cutan\u00e9es. Associ\u00e9 d&rsquo;autres actifs, les masques au collag\u00e8ne permettent d&rsquo;apporter une solution encore plus performante et adapt\u00e9 \u00e0 chaque type de peau.<\/span><\/div><\/div>\n<div class=\"pricing-box  cp-right pricing-box-box\"><div class=\"plan-header\"><h2 class=\"title \">Soin microdermabrasion<\/h2><div class=\"price\"><span>10 000<\/span><sup class=\"currency\">XPF<\/sup><sup class=\"period\">45 min<\/sup><\/div><hr class=\"hr_color\" \/><p class=\"subtitle\"><big>Microdermabrasion<\/big><\/p><\/div><div class=\"plan-inside\"><span class=\"pi-content\">Proc\u00e9d\u00e9 doux et rajeunissant qui exfolie la couche superficielle de l\u2019\u00e9piderme, ce qui relance l\u2019activit\u00e9 cellulaire et permet de traiter plusieurs imperfections. La technique consiste \u00e0 appliquer sur la peau une brosse rotative sur la surface de la peau.<\/span><\/div><\/div>\n<div class=\"pricing-box  cp-right pricing-box-box\"><div class=\"plan-header\"><h2 class=\"title \">Le soin personnalis\u00e9 intensif Peel-Off<\/h2><div class=\"price\"><span>8 700<\/span><sup class=\"currency\">XPF<\/sup><sup class=\"period\">60 \u00e0 75 min<\/sup><\/div><hr class=\"hr_color\" \/><p class=\"subtitle\"><big>Nettoyage de la peau, modelage relaxant du visage, s\u00e9rum ou ampoule de soin adapt\u00e9, masque peel-off et cr\u00e8me de soin anti-\u00e2ge<\/big><\/p><\/div><div class=\"plan-inside\"><span class=\"pi-content\">Conseill\u00e9 pour les peaux s\u00e8ches, mixte ou grasse dont la peau aurait besoin d&rsquo;une action intense apport\u00e9e gr\u00e2ce au masque peel-off qui moulent le visage comme une seconde peau. Gr\u00e2ce \u00e0 l&rsquo;imperm\u00e9abilit\u00e9 du masque \u00e0 l&rsquo;eau et l&rsquo;air, les actifs p\u00e9n\u00e8trent mieux dans la peau.<\/span><\/div><\/div>\n<div class=\"pricing-box  cp-right pricing-box-box\"><div class=\"plan-header\"><h2 class=\"title \">Le peeling<\/h2><div class=\"price\"><span>10 300<\/span><sup class=\"currency\">XPF<\/sup><sup class=\"period\">60 min<\/sup><\/div><hr class=\"hr_color\" \/><p class=\"subtitle\"><big>Application de la lotion peeling, nettoyage, s\u00e9rum ou ampoule de soin anti-\u00e2ge ou apaisant, modelage calmant, masque r\u00e9parateur.<\/big><\/p><\/div><div class=\"plan-inside\"><span class=\"pi-content\">Exfoliation aux acides de fruits qui contribue \u00e0 att\u00e9nuer ridules, \u00e0 affiner la texture de la peau, \u00e0 r\u00e9duire les t\u00e2ches pigmentaires ainsi que les cicatrices d&rsquo;acn\u00e9s, estompe toute anomalie cutan\u00e9e.<\/span><\/div><\/div>\n<div class=\"pricing-box  cp-right pricing-box-box\"><div class=\"plan-header\"><h2 class=\"title \">Le soin personnalis\u00e9<\/h2><div class=\"price\"><span>7 200<\/span><sup class=\"currency\">XPF<\/sup><sup class=\"period\">45 \u00e0 60 min<\/sup><\/div><hr class=\"hr_color\" \/><p class=\"subtitle\"><big>Nettoyage de peau, modelage relaxant du visage, s\u00e9rum, masque cr\u00e8me, cr\u00e8me de soins avec produits adapt\u00e9s.<\/big><\/p><\/div><div class=\"plan-inside\"><span class=\"pi-content\">Ce soin r\u00e9pondra aux besoins des diff\u00e9rents types de peau car elle sera trait\u00e9e avec des produits de soins adapt\u00e9s.<\/span><\/div><\/div>\n[\/vc_column_inner][vc_column_inner width=\u00a0\u00bb1\/2&Prime;]<div class=\"pricing-box  cp-right pricing-box-box\"><div class=\"plan-header\"><h2 class=\"title \">Le soin Facial Thermique<\/h2><div class=\"price\"><span>15 000<\/span><sup class=\"currency\">XPF<\/sup><sup class=\"period\">75 \u00e0 90 min<\/sup><\/div><hr class=\"hr_color\" \/><p class=\"subtitle\"><big>Nettoyage de peau, ampoule anti-\u00e2ge, modelage du visage, masque thermique facial, cr\u00e8me de soin.<\/big><\/p><\/div><div class=\"plan-inside\"><span class=\"pi-content\">Soin antirides qui remod\u00e8le les contours du visage, lisse et raffermit la peau, augmente l&rsquo;hydratation cutan\u00e9e, revitalise la peau fatigu\u00e9e et atone. Il se termine par un masque auto-chauffant durcissant et dont la temp\u00e9rateur augmente progressivement d&rsquo;o\u00f9 une meilleure p\u00e9n\u00e9tration des substance active gr\u00e2ce \u00e0 la dilatation de vaisseaux sanguins.<\/span><\/div><\/div>\n<div class=\"pricing-box  cp-right pricing-box-box\"><div class=\"plan-header\"><h2 class=\"title \">Soin anti-\u00e2ge Peel Off<\/h2><div class=\"price\"><span>12 200<\/span><sup class=\"currency\">XPF<\/sup><sup class=\"period\">75 min<\/sup><\/div><hr class=\"hr_color\" \/><p class=\"subtitle\"><big>Masque-gommage thermique,nettoyage de peau, s\u00e9rum ou ampoule de soin, modelage, masque peel off.<\/big><\/p><\/div><div class=\"plan-inside\"><span class=\"pi-content\">Soin avec un masque peel-off, masque poudre nouvelle g\u00e9n\u00e9ration \u00e0 base d&rsquo;alginate, formant comme une seconde peau. Le masque se plastifie lentement et permet ainsi une meilleure diffustion des substances actives gr\u00e2ce \u00e0 l&rsquo;effet herm\u00e9tique.<\/span><\/div><\/div>\n<div class=\"pricing-box  cp-right pricing-box-box\"><div class=\"plan-header\"><h2 class=\"title \">Microneedling<\/h2><div class=\"price\"><span>12 000<\/span><sup class=\"currency\">XPF<\/sup><sup class=\"period\">45 min<\/sup><\/div><hr class=\"hr_color\" \/><p class=\"subtitle\"><big>Microneedling avec des aiguilles en nylon<\/big><\/p><\/div><div class=\"plan-inside\"><span class=\"pi-content\">M\u00e9thode de soin visage non invasif r\u00e9alis\u00e9 par un embout dot\u00e9 de micro aiguilles en nylon qui provoquent une action r\u00e9g\u00e9n\u00e9rante favorisant la production d\u2019\u00e9lastine et de collag\u00e8ne. R\u00e9sultat : am\u00e9lioration de l\u2019\u00e9clat di visage de la texture et de la densit\u00e9 de le peau, diminution des rides, peau douce et lumineuse.<\/span><\/div><\/div>\n<div class=\"pricing-box  cp-right pricing-box-box\"><div class=\"plan-header\"><h2 class=\"title \">La Cryodermie<\/h2><div class=\"price\"><span>10 200<\/span><sup class=\"currency\">XPF<\/sup><sup class=\"period\">60 min<\/sup><\/div><hr class=\"hr_color\" \/><p class=\"subtitle\"><big>Pas de nettoyage de peau, gommage-peeling, appareil de cryodermie, s\u00e9rum, masque, cr\u00e8me de soin.<\/big><\/p><\/div><div class=\"plan-inside\"><span class=\"pi-content\">Une technique r\u00e9volutionnaire du traitement de la ride et de l&rsquo;hydratation par le froid.<\/span><\/div><\/div>\n<div class=\"pricing-box  cp-right pricing-box-box\"><div class=\"plan-header\"><h2 class=\"title \">Le soin pr\u00e9ventif anti-\u00e2ge<\/h2><div class=\"price\"><span>10 300<\/span><sup class=\"currency\">XPF<\/sup><sup class=\"period\">60 \u00e0 75 min<\/sup><\/div><hr class=\"hr_color\" \/><p class=\"subtitle\"><big>Nettoyage de peau, modelage relaxant du visage, s\u00e9rum ou ampoule de soin anti-\u00e2ge, masque cr\u00e8me anti-\u00e2ge, et cr\u00e8me de soin anti \u00e2ge.<\/big><\/p><\/div><div class=\"plan-inside\"><span class=\"pi-content\">Conseill\u00e9 \u00e0 partir de 25 ans pour les jeunes femmes souhaitant pr\u00e9server la jeunesse de la peau et retarder l&rsquo;apparition des premi\u00e8res rides.<\/span><\/div><\/div>\n<div class=\"pricing-box  cp-right pricing-box-box\"><div class=\"plan-header\"><h2 class=\"title \">Le nettoyage de peau<\/h2><div class=\"price\"><span>5 600<\/span><sup class=\"currency\">XPF<\/sup><sup class=\"period\">30 \u00e0 45 min<\/sup><\/div><hr class=\"hr_color\" \/><p class=\"subtitle\"><big>D\u00e9maquillage, vapeur ozone, extraction des points noirs, masque.<\/big><\/p><\/div><div class=\"plan-inside\"><span class=\"pi-content\">Soin indispensable pour se d\u00e9barrasser des points noirs et retrouver ainsi un teint frais et pur.<\/p>\n<p>Ce soin assainissant s&rsquo;adresse particuli\u00e8rement aux peaux adolescentes ou peaux adultes pr\u00e9sentant des points noirs.<\/span><\/div><\/div>\n<div class=\"pricing-box  cp-right pricing-box-box\"><div class=\"plan-header\"><h2 class=\"title \">Soin sp\u00e9cifique yeux<\/h2><div class=\"price\"><span>3 800<\/span><sup class=\"currency\">XPF<\/sup><sup class=\"period\">30 \u00e0 40 min<\/sup><\/div><hr class=\"hr_color\" \/><p class=\"subtitle\"><big>D\u00e9maquillage, massage circulatoire du contour de l'oeil, s\u00e9rum gel, pacth collag\u00e8ne contour de l'oeil<\/big><\/p><\/div><div class=\"plan-inside\"><span class=\"pi-content\">Soin d\u00e9fatiguant et anti-rides pour le contour de l&rsquo;oeil<\/span><\/div><\/div>\n[\/vc_column_inner][\/vc_row_inner][\/vc_column][vc_column width=\u00a0\u00bb1\/4&Prime;][vc_single_image image=\u00a0\u00bb404&Prime; img_size=\u00a0\u00bblarge\u00a0\u00bb alignment=\u00a0\u00bbcenter\u00a0\u00bb onclick=\u00a0\u00bbcustom_link\u00a0\u00bb link=\u00a0\u00bbhttps:\/\/www.hmesthetique.com\/?product=bon-cadeau\u00a0\u00bb]<div class=\"fancy_heading fancy_heading_line\"><div class=\"fh-top\"><\/div><h2 class=\"title\">Les traitements intensifs visage<\/h2><\/div>\n[vc_column_text]<\/p>\n<h3>Cure de Microdermabrasion<\/h3>\n<p>Pour une \u00e0 deux s\u00e9ances par semaine[\/vc_column_text][vc_row_inner content_placement=\u00a0\u00bbbottom\u00a0\u00bb el_class=\u00a0\u00bbprix-liste\u00a0\u00bb css=\u00a0\u00bb.vc_custom_1563767739727{margin-bottom: 50px !important;}\u00a0\u00bb][vc_column_inner el_class=\u00a0\u00bbtitre-service\u00a0\u00bb width=\u00a0\u00bb1\/2&Prime;][vc_column_text]8 s\u00e9ances[\/vc_column_text][\/vc_column_inner][vc_column_inner el_class=\u00a0\u00bbprix\u00a0\u00bb width=\u00a0\u00bb1\/2&Prime;][vc_column_text]<\/p>\n<p style=\"text-align: right;\">69 000 XPF<\/p>\n<p>[\/vc_column_text][\/vc_column_inner][\/vc_row_inner][vc_column_text]<\/p>\n<h3>Cure de Microneedling<\/h3>\n<p>Pour une \u00e0 deux s\u00e9ances par semaine[\/vc_column_text][vc_row_inner content_placement=\u00a0\u00bbbottom\u00a0\u00bb el_class=\u00a0\u00bbprix-liste\u00a0\u00bb css=\u00a0\u00bb.vc_custom_1563767739727{margin-bottom: 50px !important;}\u00a0\u00bb][vc_column_inner el_class=\u00a0\u00bbtitre-service\u00a0\u00bb width=\u00a0\u00bb1\/2&Prime;][vc_column_text]8 s\u00e9ances[\/vc_column_text][\/vc_column_inner][vc_column_inner el_class=\u00a0\u00bbprix\u00a0\u00bb width=\u00a0\u00bb1\/2&Prime;][vc_column_text]<\/p>\n<p style=\"text-align: right;\">84 000 XPF<\/p>\n<p>[\/vc_column_text][\/vc_column_inner][\/vc_row_inner][vc_column_text]<\/p>\n<h3>La cure Peeling aux AHA<\/h3>\n<p>[\/vc_column_text][vc_row_inner content_placement=\u00a0\u00bbbottom\u00a0\u00bb el_class=\u00a0\u00bbprix-liste\u00a0\u00bb css=\u00a0\u00bb.vc_custom_1563767739727{margin-bottom: 50px !important;}\u00a0\u00bb][vc_column_inner el_class=\u00a0\u00bbtitre-service\u00a0\u00bb width=\u00a0\u00bb1\/2&Prime;][vc_column_text]6 s\u00e9ances[\/vc_column_text][\/vc_column_inner][vc_column_inner el_class=\u00a0\u00bbprix\u00a0\u00bb width=\u00a0\u00bb1\/2&Prime;][vc_column_text]<\/p>\n<p style=\"text-align: right;\">41 500 XPF<\/p>\n<p>[\/vc_column_text][\/vc_column_inner][\/vc_row_inner][vc_row_inner content_placement=\u00a0\u00bbbottom\u00a0\u00bb el_class=\u00a0\u00bbprix-liste\u00a0\u00bb][vc_column_inner el_class=\u00a0\u00bbtitre-service\u00a0\u00bb width=\u00a0\u00bb1\/2&Prime;][vc_column_text]4 s\u00e9ances[\/vc_column_text][\/vc_column_inner][vc_column_inner el_class=\u00a0\u00bbprix\u00a0\u00bb width=\u00a0\u00bb1\/2&Prime;][vc_column_text]<\/p>\n<p style=\"text-align: right;\">28 400 XPF<\/p>\n<p>[\/vc_column_text][\/vc_column_inner][\/vc_row_inner][vc_column_text css=\u00a0\u00bb.vc_custom_1563767673817{margin-top: 40px !important;}\u00a0\u00bb]<\/p>\n<h3>La cure Anti-t\u00e2ches brunes<\/h3>\n<p>[\/vc_column_text][vc_row_inner content_placement=\u00a0\u00bbbottom\u00a0\u00bb el_class=\u00a0\u00bbprix-liste\u00a0\u00bb][vc_column_inner el_class=\u00a0\u00bbtitre-service\u00a0\u00bb width=\u00a0\u00bb1\/2&Prime;][vc_column_text]6 s\u00e9ances[\/vc_column_text][\/vc_column_inner][vc_column_inner el_class=\u00a0\u00bbprix\u00a0\u00bb width=\u00a0\u00bb1\/2&Prime;][vc_column_text]<\/p>\n<p style=\"text-align: right;\">60 000 XPF<\/p>\n<p>[\/vc_column_text][\/vc_column_inner][\/vc_row_inner][vc_row_inner content_placement=\u00a0\u00bbbottom\u00a0\u00bb el_class=\u00a0\u00bbprix-liste\u00a0\u00bb][vc_column_inner el_class=\u00a0\u00bbtitre-service\u00a0\u00bb width=\u00a0\u00bb1\/2&Prime;][vc_column_text]4 s\u00e9ances[\/vc_column_text][\/vc_column_inner][vc_column_inner el_class=\u00a0\u00bbprix\u00a0\u00bb width=\u00a0\u00bb1\/2&Prime;][vc_column_text]<\/p>\n<p style=\"text-align: right;\">38 000 XPF<\/p>\n<p>[\/vc_column_text][\/vc_column_inner][\/vc_row_inner][\/vc_column][\/vc_row]<\/p>\n<\/div>","protected":false},"excerpt":{"rendered":"<p>[vc_row full_width=\u00a0\u00bbstretch_row\u00a0\u00bb css=\u00a0\u00bb.vc_custom_1563768041006{margin-top: -30px !important;padding-top: 50px !important;padding-bottom: 50px !important;background-image: url(https:\/\/www.hmesthetique.com\/wp-content\/uploads\/2019\/07\/soin-du-visage.jpg?id=243) !important;background-position: center !important;background-repeat: no-repeat !important;background-size: cover !important;}\u00a0\u00bb][vc_column][\/vc_column][\/vc_row][vc_row][vc_column width=\u00a0\u00bb3\/4&Prime;][vc_row_inner][vc_column_inner width=\u00a0\u00bb1\/2&Prime;][\/vc_column_inner][vc_column_inner width=\u00a0\u00bb1\/2&Prime;][\/vc_column_inner][\/vc_row_inner][\/vc_column][vc_column width=\u00a0\u00bb1\/4&Prime;][vc_single_image image=\u00a0\u00bb404&Prime; img_size=\u00a0\u00bblarge\u00a0\u00bb alignment=\u00a0\u00bbcenter\u00a0\u00bb onclick=\u00a0\u00bbcustom_link\u00a0\u00bb link=\u00a0\u00bbhttps:\/\/www.hmesthetique.com\/?product=bon-cadeau\u00a0\u00bb][vc_column_text]<span class=\"excerpt-hellip\"> [\u2026]<\/span><\/p>\n","protected":false},"author":1,"featured_media":0,"parent":0,"menu_order":0,"comment_status":"closed","ping_status":"closed","template":"","meta":{"footnotes":""},"_links":{"self":[{"href":"https:\/\/www.hmesthetique.com\/index.php?rest_route=\/wp\/v2\/pages\/163"}],"collection":[{"href":"https:\/\/www.hmesthetique.com\/index.php?rest_route=\/wp\/v2\/pages"}],"about":[{"href":"https:\/\/www.hmesthetique.com\/index.php?rest_route=\/wp\/v2\/types\/page"}],"author":[{"embeddable":true,"href":"https:\/\/www.hmesthetique.com\/index.php?rest_route=\/wp\/v2\/users\/1"}],"replies":[{"embeddable":true,"href":"https:\/\/www.hmesthetique.com\/index.php?rest_route=%2Fwp%2Fv2%2Fcomments&post=163"}],"version-history":[{"count":44,"href":"https:\/\/www.hmesthetique.com\/index.php?rest_route=\/wp\/v2\/pages\/163\/revisions"}],"predecessor-version":[{"id":649,"href":"https:\/\/www.hmesthetique.com\/index.php?rest_route=\/wp\/v2\/pages\/163\/revisions\/649"}],"wp:attachment":[{"href":"https:\/\/www.hmesthetique.com\/index.php?rest_route=%2Fwp%2Fv2%2Fmedia&parent=163"}],"curies":[{"name":"wp","href":"https:\/\/api.w.org\/{rel}","templated":true}]}}