{"id":106,"date":"2019-07-18T14:14:00","date_gmt":"2019-07-19T00:14:00","guid":{"rendered":"https:\/\/www.hmesthetique.com\/?page_id=106"},"modified":"2025-03-08T12:14:02","modified_gmt":"2025-03-08T22:14:02","slug":"pour-hommes","status":"publish","type":"page","link":"https:\/\/www.hmesthetique.com\/?page_id=106","title":{"rendered":"Pour hommes"},"content":{"rendered":"<div class=\"wpb-content-wrapper\"><p>[vc_row full_width=\u00a0\u00bbstretch_row\u00a0\u00bb css=\u00a0\u00bb.vc_custom_1563768284372{margin-top: -30px !important;margin-bottom: 0px !important;padding-top: 50px !important;padding-bottom: 50px !important;background-image: url(https:\/\/www.hmesthetique.com\/wp-content\/uploads\/2019\/07\/manatspa.jpg?id=110) !important;background-position: center !important;background-repeat: no-repeat !important;background-size: cover !important;}\u00a0\u00bb][vc_column width=\u00a0\u00bb1\/6&Prime;][\/vc_column][vc_column width=\u00a0\u00bb2\/3&Prime; css=\u00a0\u00bb.vc_custom_1563497890531{background-color: rgba(255,255,255,0.9) !important;*background-color: rgb(255,255,255) !important;}\u00a0\u00bb][vc_column_text]<\/p>\n<h3 class=\"tarif-descriptif\" style=\"text-align: center;\"><span lang=\"FR\">C\u2019est encore et toujours un mythe r\u00e9pandu dans le monde masculin <\/span><\/h3>\n<p class=\"tarif-descriptif\" style=\"text-align: center;\"><span lang=\"FR\">La peau d\u2019un homme n\u2019a besoin que d\u2019eau froide, d\u2019un peu de savon et d\u2019une lame de rasoir bien aiguis\u00e9e.<\/span><span lang=\"FR\">\u00a0<\/span><span lang=\"FR\"><strong>Erreur !<\/strong> <\/span><\/p>\n<p class=\"tarif-descriptif\" style=\"text-align: center;\"><span lang=\"FR\">De plus en plus, les hommes veulent prendre soin de leur peau.<\/span><span lang=\"FR\">\u00a0Il arrive m\u00eame souvent qu\u2019ils utilisent la cr\u00e8me de leur partenaire, car de nos jours, m\u00eame pour l\u2019homme une apparence attrayante augmente ses chances de r\u00e9ussite au travail.<\/span><span lang=\"FR\">\u00a0<\/span><\/p>\n<h4 class=\"tarif-descriptif\" style=\"text-align: center;\"><span lang=\"FR\">L\u2019homme se rend bien compte: celui qui se sent bien dans sa peau, est beaucoup plus charismatique, ce qui augmente ses chances de succ\u00e8s.<\/span><\/h4>\n<p>[\/vc_column_text][\/vc_column][vc_column width=\u00a0\u00bb1\/6&Prime;][\/vc_column][\/vc_row][vc_row css=\u00a0\u00bb.vc_custom_1563506004274{margin-bottom: 40px !important;}\u00a0\u00bb][vc_column width=\u00a0\u00bb1\/2&Prime;]<div class=\"fancy_heading fancy_heading_line\"><div class=\"fh-top\"><\/div><h2 class=\"title\">Les soins<\/h2><\/div>\n<div class=\"pricing-box  cp-right pricing-box-box\"><div class=\"plan-header\"><h2 class=\"title \">Soin corps ``Fit for sport``<\/h2><div class=\"price\"><span>12 400<\/span><sup class=\"currency\">XPF<\/sup><sup class=\"period\">1h30<\/sup><\/div><hr class=\"hr_color\" \/><p class=\"subtitle\"><big>Gommage corporel, enveloppement d\u00e9toxifiant, massage\/finish avec Lotion Corps<\/big><\/p><\/div><div class=\"plan-inside\"><span class=\"pi-content\">Le soin indispensable pour combattre les courbatures. L&rsquo;enveloppement d\u00e9toxifiant stimule la circulation sanguine et favorise l&rsquo;\u00e9limination des toxines. Effet rafra\u00eechissant et astringent, hydratant, effet tonifiant<\/p>\n<p><\/span><\/div><\/div>\n<div class=\"pricing-box  cp-right pricing-box-box\"><div class=\"plan-header\"><h2 class=\"title \">Soin visage au masculin<\/h2><div class=\"price\"><span>12 200<\/span><sup class=\"currency\">XPF<\/sup><sup class=\"period\">60 min<\/sup><\/div><hr class=\"hr_color\" \/><p class=\"subtitle\"><big>Nettoyage, extraction des points noirs, massage du visage, concentr\u00e9 Visage et Yeux, Masque anti-\u00e2ge.<\/big><\/p><\/div><div class=\"plan-inside\"><span class=\"pi-content\">Un soin anti-\u00e2ge \u00e0 base d\u2019acide hyaluronique pour hydrater la peau, de vitamine C pour am\u00e9liorer la synth\u00e8se de collag\u00e8ne et l\u2019\u00e9lasticit\u00e9 de la peau, de vitamine E pour lutter contre les radicaux libres. Enfin, les produits contiennent du bi-alchool, un anti-inflammatoire pour apaiser et calmer le feu du rasage\u2026<\/p>\n<p><\/span><\/div><\/div>\n[\/vc_column][vc_column width=\u00a0\u00bb1\/2&Prime;]<div class=\"fancy_heading fancy_heading_line\"><div class=\"fh-top\"><\/div><h2 class=\"title\">Les \u00e9pilations<\/h2><\/div>\n[vc_row_inner content_placement=\u00a0\u00bbbottom\u00a0\u00bb el_class=\u00a0\u00bbprix-liste\u00a0\u00bb][vc_column_inner el_class=\u00a0\u00bbtitre-service\u00a0\u00bb width=\u00a0\u00bb2\/3&Prime;][vc_column_text]Maillot int\u00e9gral[\/vc_column_text][\/vc_column_inner][vc_column_inner el_class=\u00a0\u00bbprix\u00a0\u00bb width=\u00a0\u00bb1\/3&Prime;][vc_column_text]<\/p>\n<p style=\"text-align: right;\">6 200 XPF<\/p>\n<p>[\/vc_column_text][\/vc_column_inner][\/vc_row_inner][vc_row_inner content_placement=\u00a0\u00bbbottom\u00a0\u00bb el_class=\u00a0\u00bbprix-liste\u00a0\u00bb][vc_column_inner el_class=\u00a0\u00bbtitre-service\u00a0\u00bb width=\u00a0\u00bb2\/3&Prime;][vc_column_text]Torse[\/vc_column_text][\/vc_column_inner][vc_column_inner el_class=\u00a0\u00bbprix\u00a0\u00bb width=\u00a0\u00bb1\/3&Prime;][vc_column_text]<\/p>\n<p style=\"text-align: right;\">4 100 XPF<\/p>\n<p>[\/vc_column_text][\/vc_column_inner][\/vc_row_inner][vc_row_inner content_placement=\u00a0\u00bbbottom\u00a0\u00bb el_class=\u00a0\u00bbprix-liste\u00a0\u00bb][vc_column_inner el_class=\u00a0\u00bbtitre-service\u00a0\u00bb width=\u00a0\u00bb2\/3&Prime;][vc_column_text]Jambes enti\u00e8res[\/vc_column_text][\/vc_column_inner][vc_column_inner el_class=\u00a0\u00bbprix\u00a0\u00bb width=\u00a0\u00bb1\/3&Prime;][vc_column_text]<\/p>\n<p style=\"text-align: right;\">5 500 XPF<\/p>\n<p>[\/vc_column_text][\/vc_column_inner][\/vc_row_inner][vc_row_inner content_placement=\u00a0\u00bbbottom\u00a0\u00bb el_class=\u00a0\u00bbprix-liste\u00a0\u00bb][vc_column_inner el_class=\u00a0\u00bbtitre-service\u00a0\u00bb width=\u00a0\u00bb2\/3&Prime;][vc_column_text]Slip de bain[\/vc_column_text][\/vc_column_inner][vc_column_inner el_class=\u00a0\u00bbprix\u00a0\u00bb width=\u00a0\u00bb1\/3&Prime;][vc_column_text]<\/p>\n<p style=\"text-align: right;\">3 500 XPF<\/p>\n<p>[\/vc_column_text][\/vc_column_inner][\/vc_row_inner][vc_row_inner content_placement=\u00a0\u00bbbottom\u00a0\u00bb el_class=\u00a0\u00bbprix-liste\u00a0\u00bb][vc_column_inner el_class=\u00a0\u00bbtitre-service\u00a0\u00bb width=\u00a0\u00bb2\/3&Prime;][vc_column_text]Demi jambes[\/vc_column_text][\/vc_column_inner][vc_column_inner el_class=\u00a0\u00bbprix\u00a0\u00bb width=\u00a0\u00bb1\/3&Prime;][vc_column_text]<\/p>\n<p style=\"text-align: right;\">2 900 XPF<\/p>\n<p>[\/vc_column_text][\/vc_column_inner][\/vc_row_inner][vc_row_inner content_placement=\u00a0\u00bbbottom\u00a0\u00bb el_class=\u00a0\u00bbprix-liste\u00a0\u00bb][vc_column_inner el_class=\u00a0\u00bbtitre-service\u00a0\u00bb width=\u00a0\u00bb2\/3&Prime;][vc_column_text]Dos[\/vc_column_text][\/vc_column_inner][vc_column_inner el_class=\u00a0\u00bbprix\u00a0\u00bb width=\u00a0\u00bb1\/3&Prime;][vc_column_text]<\/p>\n<p style=\"text-align: right;\">4 100 XPF<\/p>\n<p>[\/vc_column_text][\/vc_column_inner][\/vc_row_inner][vc_row_inner content_placement=\u00a0\u00bbbottom\u00a0\u00bb el_class=\u00a0\u00bbprix-liste\u00a0\u00bb][vc_column_inner el_class=\u00a0\u00bbtitre-service\u00a0\u00bb width=\u00a0\u00bb2\/3&Prime;][vc_column_text]Barbe[\/vc_column_text][\/vc_column_inner][vc_column_inner el_class=\u00a0\u00bbprix\u00a0\u00bb width=\u00a0\u00bb1\/3&Prime;][vc_column_text]<\/p>\n<p style=\"text-align: right;\">2 900 XPF<\/p>\n<p>[\/vc_column_text][\/vc_column_inner][\/vc_row_inner][vc_row_inner content_placement=\u00a0\u00bbbottom\u00a0\u00bb el_class=\u00a0\u00bbprix-liste\u00a0\u00bb][vc_column_inner el_class=\u00a0\u00bbtitre-service\u00a0\u00bb width=\u00a0\u00bb2\/3&Prime;][vc_column_text]Fessiers[\/vc_column_text][\/vc_column_inner][vc_column_inner el_class=\u00a0\u00bbprix\u00a0\u00bb width=\u00a0\u00bb1\/3&Prime;][vc_column_text]<\/p>\n<p style=\"text-align: right;\">2 100 XPF<\/p>\n<p>[\/vc_column_text][\/vc_column_inner][\/vc_row_inner][vc_row_inner content_placement=\u00a0\u00bbbottom\u00a0\u00bb el_class=\u00a0\u00bbprix-liste\u00a0\u00bb][vc_column_inner el_class=\u00a0\u00bbtitre-service\u00a0\u00bb width=\u00a0\u00bb2\/3&Prime;][vc_column_text]Bras ou avant-bras[\/vc_column_text][\/vc_column_inner][vc_column_inner el_class=\u00a0\u00bbprix\u00a0\u00bb width=\u00a0\u00bb1\/3&Prime;][vc_column_text]<\/p>\n<p style=\"text-align: right;\">2 900 XPF<\/p>\n<p>[\/vc_column_text][\/vc_column_inner][\/vc_row_inner][vc_row_inner content_placement=\u00a0\u00bbbottom\u00a0\u00bb el_class=\u00a0\u00bbprix-liste\u00a0\u00bb][vc_column_inner el_class=\u00a0\u00bbtitre-service\u00a0\u00bb width=\u00a0\u00bb2\/3&Prime;][vc_column_text]Aiselles[\/vc_column_text][\/vc_column_inner][vc_column_inner el_class=\u00a0\u00bbprix\u00a0\u00bb width=\u00a0\u00bb1\/3&Prime;][vc_column_text]<\/p>\n<p style=\"text-align: right;\">1 700 XPF<\/p>\n<p>[\/vc_column_text][\/vc_column_inner][\/vc_row_inner][vc_row_inner css=\u00a0\u00bb.vc_custom_1592011980018{margin-top: 50px !important;}\u00a0\u00bb][vc_column_inner width=\u00a0\u00bb1\/6&Prime;][\/vc_column_inner][vc_column_inner width=\u00a0\u00bb2\/3&Prime;][vc_single_image image=\u00a0\u00bb404&Prime; img_size=\u00a0\u00bblarge\u00a0\u00bb onclick=\u00a0\u00bbcustom_link\u00a0\u00bb link=\u00a0\u00bbhttps:\/\/www.hmesthetique.com\/?product=bon-cadeau\u00a0\u00bb][\/vc_column_inner][vc_column_inner width=\u00a0\u00bb1\/6&Prime;][\/vc_column_inner][\/vc_row_inner][\/vc_column][\/vc_row]<\/p>\n<\/div>","protected":false},"excerpt":{"rendered":"<p>[vc_row full_width=\u00a0\u00bbstretch_row\u00a0\u00bb css=\u00a0\u00bb.vc_custom_1563768284372{margin-top: -30px !important;margin-bottom: 0px !important;padding-top: 50px !important;padding-bottom: 50px !important;background-image: url(https:\/\/www.hmesthetique.com\/wp-content\/uploads\/2019\/07\/manatspa.jpg?id=110) !important;background-position: center !important;background-repeat: no-repeat !important;background-size: cover !important;}\u00a0\u00bb][vc_column width=\u00a0\u00bb1\/6&Prime;][\/vc_column][vc_column width=\u00a0\u00bb2\/3&Prime; css=\u00a0\u00bb.vc_custom_1563497890531{background-color: rgba(255,255,255,0.9) !important;*background-color: rgb(255,255,255) !important;}\u00a0\u00bb][vc_column_text]<span class=\"excerpt-hellip\"> [\u2026]<\/span><\/p>\n","protected":false},"author":1,"featured_media":0,"parent":0,"menu_order":0,"comment_status":"closed","ping_status":"closed","template":"","meta":{"footnotes":""},"_links":{"self":[{"href":"https:\/\/www.hmesthetique.com\/index.php?rest_route=\/wp\/v2\/pages\/106"}],"collection":[{"href":"https:\/\/www.hmesthetique.com\/index.php?rest_route=\/wp\/v2\/pages"}],"about":[{"href":"https:\/\/www.hmesthetique.com\/index.php?rest_route=\/wp\/v2\/types\/page"}],"author":[{"embeddable":true,"href":"https:\/\/www.hmesthetique.com\/index.php?rest_route=\/wp\/v2\/users\/1"}],"replies":[{"embeddable":true,"href":"https:\/\/www.hmesthetique.com\/index.php?rest_route=%2Fwp%2Fv2%2Fcomments&post=106"}],"version-history":[{"count":48,"href":"https:\/\/www.hmesthetique.com\/index.php?rest_route=\/wp\/v2\/pages\/106\/revisions"}],"predecessor-version":[{"id":645,"href":"https:\/\/www.hmesthetique.com\/index.php?rest_route=\/wp\/v2\/pages\/106\/revisions\/645"}],"wp:attachment":[{"href":"https:\/\/www.hmesthetique.com\/index.php?rest_route=%2Fwp%2Fv2%2Fmedia&parent=106"}],"curies":[{"name":"wp","href":"https:\/\/api.w.org\/{rel}","templated":true}]}}